{"id":18271,"date":"2024-03-01T07:48:14","date_gmt":"2024-03-01T06:48:14","guid":{"rendered":"https:\/\/agasallorixinal.com\/contacto-2\/"},"modified":"2025-05-22T11:22:50","modified_gmt":"2025-05-22T09:22:50","slug":"contacto-es","status":"publish","type":"page","link":"https:\/\/agasallorixinal.com\/es\/contacto-es\/","title":{"rendered":"Contacto"},"content":{"rendered":"\t\t<div data-elementor-type=\"wp-page\" data-elementor-id=\"18271\" class=\"elementor elementor-18271 elementor-15145\">\n\t\t\t\t<div class=\"elementor-element elementor-element-2fbcd1d e-flex e-con-boxed e-con e-parent\" data-id=\"2fbcd1d\" data-element_type=\"container\">\n\t\t\t\t\t<div class=\"e-con-inner\">\n\t\t<div class=\"elementor-element elementor-element-8c2735a e-con-full e-flex e-con e-child\" data-id=\"8c2735a\" data-element_type=\"container\">\n\t\t\t\t<div class=\"elementor-element elementor-element-a561520 elementor-widget elementor-widget-haru-heading\" data-id=\"a561520\" data-element_type=\"widget\" data-widget_type=\"haru-heading.default\">\n\t\t\t\t<div class=\"elementor-widget-container\">\n\t\t\t\t\t<h2 class=\"haru-heading-title haru-heading-title--heading-5\">\u00bfNecesitas axuda?<\/h2>\t\t\t\t<\/div>\n\t\t\t\t<\/div>\n\t\t\t\t<div class=\"elementor-element elementor-element-1e2c0c6 elementor-widget elementor-widget-haru-heading\" data-id=\"1e2c0c6\" data-element_type=\"widget\" data-widget_type=\"haru-heading.default\">\n\t\t\t\t<div class=\"elementor-widget-container\">\n\t\t\t\t\t<h2 class=\"haru-heading-title haru-heading-title--description-2\">Estamos aqu\u00ed para axudarte. Se tes d\u00fabidas, precisas asesoramento ou queres un agasallo totalmente personalizado, non dubides en contactarnos. Escr\u00edbenos a trav\u00e9s do formulario ou por correo e responderemos canto antes. \u00a1Estaremos encantados de atenderte!<\/h2>\t\t\t\t<\/div>\n\t\t\t\t<\/div>\n\t\t<div class=\"elementor-element elementor-element-b0342a1 e-con-full e-flex e-con e-child\" data-id=\"b0342a1\" data-element_type=\"container\">\n\t\t<div class=\"elementor-element elementor-element-eab8348 e-con-full e-flex e-con e-child\" data-id=\"eab8348\" data-element_type=\"container\">\n\t\t\t\t<div class=\"elementor-element elementor-element-eefd011 elementor-widget elementor-widget-haru-contact\" data-id=\"eefd011\" data-element_type=\"widget\" data-widget_type=\"haru-contact.default\">\n\t\t\t\t<div class=\"elementor-widget-container\">\n\t\t\t\t\t\n        \t\t        \t<div class=\"haru-contact haru-contact--style-5\">\n\t        \t\t\n\n\t<ul>\n\t\t\t\t\t<li>\n\t\t\t\t<div class=\"haru-contact__icon\"><i aria-hidden=\"true\" class=\"phosphor phosphor-envelope-simple\"><\/i><\/div>\n\t\t\t\t<div class=\"haru-contact__content\">\n\t\t\t\t\t<h6 class=\"haru-contact__title\">Email<\/h6>\n\t\t\t\t\t<div class=\"haru-contact__desc\"><a href=\"mailto:ola@agasallorixinal.com\">ola@agasallorixinal.com<\/a><\/div>\n\t\t\t\t<\/div>\n\t\t\t<\/li>\n\t\t\t<\/ul>\n\t    \t\t<\/div>\n    \t\t\n    \t\t\t\t\t\t<\/div>\n\t\t\t\t<\/div>\n\t\t\t\t<\/div>\n\t\t\t\t<\/div>\n\t\t\t\t<\/div>\n\t\t<div class=\"elementor-element elementor-element-6f14058 e-con-full e-flex e-con e-child\" data-id=\"6f14058\" data-element_type=\"container\">\n\t\t\t\t<div class=\"elementor-element elementor-element-ea5506d elementor-widget elementor-widget-haru-heading\" data-id=\"ea5506d\" data-element_type=\"widget\" data-widget_type=\"haru-heading.default\">\n\t\t\t\t<div class=\"elementor-widget-container\">\n\t\t\t\t\t<h2 class=\"haru-heading-title haru-heading-title--heading-5\">Escr\u00edbenos<\/h2>\t\t\t\t<\/div>\n\t\t\t\t<\/div>\n\t\t\t\t<div class=\"elementor-element elementor-element-86a1c80 elementor-widget elementor-widget-shortcode\" data-id=\"86a1c80\" data-element_type=\"widget\" data-widget_type=\"shortcode.default\">\n\t\t\t\t<div class=\"elementor-widget-container\">\n\t\t\t\t\t\t\t<div class=\"elementor-shortcode\">\n<div class=\"wpcf7 no-js\" id=\"wpcf7-f1369-o1\" lang=\"gl-ES\" dir=\"ltr\" data-wpcf7-id=\"1369\">\n<div class=\"screen-reader-response\"><p role=\"status\" aria-live=\"polite\" aria-atomic=\"true\"><\/p> <ul><\/ul><\/div>\n<form action=\"\/es\/wp-json\/wp\/v2\/pages\/18271#wpcf7-f1369-o1\" method=\"post\" class=\"wpcf7-form init\" aria-label=\"Formulario de contacto\" novalidate=\"novalidate\" data-status=\"init\">\n<fieldset class=\"hidden-fields-container\"><input type=\"hidden\" name=\"_wpcf7\" value=\"1369\" \/><input type=\"hidden\" name=\"_wpcf7_version\" value=\"6.1\" \/><input type=\"hidden\" name=\"_wpcf7_locale\" value=\"gl_ES\" \/><input type=\"hidden\" name=\"_wpcf7_unit_tag\" value=\"wpcf7-f1369-o1\" \/><input type=\"hidden\" name=\"_wpcf7_container_post\" value=\"0\" \/><input type=\"hidden\" name=\"_wpcf7_posted_data_hash\" value=\"\" \/>\n<\/fieldset>\n<div class=\"contact-form\">\n\n<div class=\"contact-form__row contact-form__row--cols-2\">\n    <div class=\"contact-form__col\">\n        <div class=\"contact-form__input\"><span class=\"wpcf7-form-control-wrap\" data-name=\"tu-nombre\"><input size=\"40\" maxlength=\"400\" class=\"wpcf7-form-control wpcf7-text wpcf7-validates-as-required\" aria-required=\"true\" aria-invalid=\"false\" placeholder=\"Nome\" value=\"\" type=\"text\" name=\"tu-nombre\" \/><\/span><\/div>\n    <\/div>\n    <div class=\"contact-form__col\">\n        <div class=\"contact-form__input\"><span class=\"wpcf7-form-control-wrap\" data-name=\"tu-correo\"><input size=\"40\" maxlength=\"400\" class=\"wpcf7-form-control wpcf7-text wpcf7-validates-as-required\" aria-required=\"true\" aria-invalid=\"false\" placeholder=\"Correo\" value=\"\" type=\"text\" name=\"tu-correo\" \/><\/span><\/div>\n    <\/div>\n<\/div>\n\n<div class=\"contact-form__row\">\n    <div class=\"contact-form__input\"><span class=\"wpcf7-form-control-wrap\" data-name=\"tu-asunto\"><input size=\"40\" maxlength=\"400\" class=\"wpcf7-form-control wpcf7-text wpcf7-validates-as-required\" aria-required=\"true\" aria-invalid=\"false\" placeholder=\"Asunto\" value=\"\" type=\"text\" name=\"tu-asunto\" \/><\/span><\/div>\n<\/div>\n\n<div class=\"contact-form__row\">\n    <div class=\"contact-form__input contact-form__message\"><span class=\"wpcf7-form-control-wrap\" data-name=\"tu-msj\"><textarea cols=\"40\" rows=\"10\" maxlength=\"2000\" class=\"wpcf7-form-control wpcf7-textarea wpcf7-validates-as-required\" aria-required=\"true\" aria-invalid=\"false\" placeholder=\"Como podemos axudarche?\" name=\"tu-msj\"><\/textarea><\/span><\/div>\n<\/div>\n\n<div class=\"contact-form__row contact-form__row--submit\">\n<span class=\"wpcf7-form-control-wrap\" data-name=\"acceptance-303\"><span class=\"wpcf7-form-control wpcf7-acceptance\"><span class=\"wpcf7-list-item\"><label><input type=\"checkbox\" name=\"acceptance-303\" value=\"1\" aria-invalid=\"false\" \/><span class=\"wpcf7-list-item-label\">Lin e acepto a <a href=\"https:\/\/agasallorixinal.com\/politica-de-privacidade\" target=\"_blank\">pol\u00edtica de privacidade<\/a><\/span><\/label><\/span><\/span><\/span>\n    <div class=\"contact-form__submit contact-form__submit--center\">\n    <input class=\"wpcf7-form-control wpcf7-submit has-spinner\" type=\"submit\" value=\"Enviar\" \/>\n    <\/div>\n<\/div>\n\n<\/div><div class=\"wpcf7-response-output\" aria-hidden=\"true\"><\/div>\n<\/form>\n<\/div>\n<\/div>\n\t\t\t\t\t\t<\/div>\n\t\t\t\t<\/div>\n\t\t\t\t<\/div>\n\t\t\t\t\t<\/div>\n\t\t\t\t<\/div>\n\t\t\t\t<\/div>\n\t\t","protected":false},"excerpt":{"rendered":"<p>\u00bfNecesitas axuda? Estamos aqu\u00ed para axudarte. Se tes d\u00fabidas, precisas asesoramento ou queres un agasallo totalmente personalizado, non dubides en contactarnos. Escr\u00edbenos a trav\u00e9s do formulario ou por correo e responderemos canto antes. \u00a1Estaremos encantados de atenderte! Email ola@agasallorixinal.com Escr\u00edbenos<\/p>\n","protected":false},"author":1,"featured_media":0,"parent":0,"menu_order":10,"comment_status":"closed","ping_status":"closed","template":"","meta":{"footnotes":""},"class_list":["post-18271","page","type-page","status-publish","hentry"],"yoast_head":"<!-- This site is optimized with the Yoast SEO plugin v25.6 - https:\/\/yoast.com\/wordpress\/plugins\/seo\/ -->\n<title>Contacto - Agasallo Orixinal<\/title>\n<meta name=\"robots\" content=\"index, follow, max-snippet:-1, max-image-preview:large, max-video-preview:-1\" \/>\n<link rel=\"canonical\" href=\"https:\/\/agasallorixinal.com\/es\/contacto-es\/\" \/>\n<meta property=\"og:locale\" content=\"es_ES\" \/>\n<meta property=\"og:type\" content=\"article\" \/>\n<meta property=\"og:title\" content=\"Contacto - Agasallo Orixinal\" \/>\n<meta property=\"og:description\" content=\"\u00bfNecesitas axuda? Estamos aqu\u00ed para axudarte. Se tes d\u00fabidas, precisas asesoramento ou queres un agasallo totalmente personalizado, non dubides en contactarnos. Escr\u00edbenos a trav\u00e9s do formulario ou por correo e responderemos canto antes. \u00a1Estaremos encantados de atenderte! Email ola@agasallorixinal.com Escr\u00edbenos\" \/>\n<meta property=\"og:url\" content=\"https:\/\/agasallorixinal.com\/es\/contacto-es\/\" \/>\n<meta property=\"og:site_name\" content=\"Agasallo Orixinal\" \/>\n<meta property=\"article:modified_time\" content=\"2025-05-22T09:22:50+00:00\" \/>\n<meta name=\"twitter:card\" content=\"summary_large_image\" \/>\n<meta name=\"twitter:label1\" content=\"Tiempo de lectura\" \/>\n\t<meta name=\"twitter:data1\" content=\"1 minuto\" \/>\n<script type=\"application\/ld+json\" class=\"yoast-schema-graph\">{\"@context\":\"https:\/\/schema.org\",\"@graph\":[{\"@type\":\"WebPage\",\"@id\":\"https:\/\/agasallorixinal.com\/es\/contacto-es\/\",\"url\":\"https:\/\/agasallorixinal.com\/es\/contacto-es\/\",\"name\":\"Contacto - Agasallo Orixinal\",\"isPartOf\":{\"@id\":\"https:\/\/agasallorixinal.com\/es\/#website\"},\"datePublished\":\"2024-03-01T06:48:14+00:00\",\"dateModified\":\"2025-05-22T09:22:50+00:00\",\"breadcrumb\":{\"@id\":\"https:\/\/agasallorixinal.com\/es\/contacto-es\/#breadcrumb\"},\"inLanguage\":\"es\",\"potentialAction\":[{\"@type\":\"ReadAction\",\"target\":[\"https:\/\/agasallorixinal.com\/es\/contacto-es\/\"]}]},{\"@type\":\"BreadcrumbList\",\"@id\":\"https:\/\/agasallorixinal.com\/es\/contacto-es\/#breadcrumb\",\"itemListElement\":[{\"@type\":\"ListItem\",\"position\":1,\"name\":\"Inicio\",\"item\":\"https:\/\/agasallorixinal.com\/es\/\"},{\"@type\":\"ListItem\",\"position\":2,\"name\":\"Contacto\"}]},{\"@type\":\"WebSite\",\"@id\":\"https:\/\/agasallorixinal.com\/es\/#website\",\"url\":\"https:\/\/agasallorixinal.com\/es\/\",\"name\":\"Agasallo Orixinal\",\"description\":\"\",\"publisher\":{\"@id\":\"https:\/\/agasallorixinal.com\/es\/#organization\"},\"potentialAction\":[{\"@type\":\"SearchAction\",\"target\":{\"@type\":\"EntryPoint\",\"urlTemplate\":\"https:\/\/agasallorixinal.com\/es\/?s={search_term_string}\"},\"query-input\":{\"@type\":\"PropertyValueSpecification\",\"valueRequired\":true,\"valueName\":\"search_term_string\"}}],\"inLanguage\":\"es\"},{\"@type\":\"Organization\",\"@id\":\"https:\/\/agasallorixinal.com\/es\/#organization\",\"name\":\"Agasallo Orixinal\",\"url\":\"https:\/\/agasallorixinal.com\/es\/\",\"logo\":{\"@type\":\"ImageObject\",\"inLanguage\":\"es\",\"@id\":\"https:\/\/agasallorixinal.com\/es\/#\/schema\/logo\/image\/\",\"url\":\"https:\/\/agasallorixinal.com\/wp-content\/uploads\/2024\/06\/logo_agasallorixinal_green.jpg\",\"contentUrl\":\"https:\/\/agasallorixinal.com\/wp-content\/uploads\/2024\/06\/logo_agasallorixinal_green.jpg\",\"width\":500,\"height\":500,\"caption\":\"Agasallo Orixinal\"},\"image\":{\"@id\":\"https:\/\/agasallorixinal.com\/es\/#\/schema\/logo\/image\/\"}}]}<\/script>\n<!-- \/ Yoast SEO plugin. -->","yoast_head_json":{"title":"Contacto - Agasallo Orixinal","robots":{"index":"index","follow":"follow","max-snippet":"max-snippet:-1","max-image-preview":"max-image-preview:large","max-video-preview":"max-video-preview:-1"},"canonical":"https:\/\/agasallorixinal.com\/es\/contacto-es\/","og_locale":"es_ES","og_type":"article","og_title":"Contacto - Agasallo Orixinal","og_description":"\u00bfNecesitas axuda? Estamos aqu\u00ed para axudarte. Se tes d\u00fabidas, precisas asesoramento ou queres un agasallo totalmente personalizado, non dubides en contactarnos. Escr\u00edbenos a trav\u00e9s do formulario ou por correo e responderemos canto antes. \u00a1Estaremos encantados de atenderte! Email ola@agasallorixinal.com Escr\u00edbenos","og_url":"https:\/\/agasallorixinal.com\/es\/contacto-es\/","og_site_name":"Agasallo Orixinal","article_modified_time":"2025-05-22T09:22:50+00:00","twitter_card":"summary_large_image","twitter_misc":{"Tiempo de lectura":"1 minuto"},"schema":{"@context":"https:\/\/schema.org","@graph":[{"@type":"WebPage","@id":"https:\/\/agasallorixinal.com\/es\/contacto-es\/","url":"https:\/\/agasallorixinal.com\/es\/contacto-es\/","name":"Contacto - Agasallo Orixinal","isPartOf":{"@id":"https:\/\/agasallorixinal.com\/es\/#website"},"datePublished":"2024-03-01T06:48:14+00:00","dateModified":"2025-05-22T09:22:50+00:00","breadcrumb":{"@id":"https:\/\/agasallorixinal.com\/es\/contacto-es\/#breadcrumb"},"inLanguage":"es","potentialAction":[{"@type":"ReadAction","target":["https:\/\/agasallorixinal.com\/es\/contacto-es\/"]}]},{"@type":"BreadcrumbList","@id":"https:\/\/agasallorixinal.com\/es\/contacto-es\/#breadcrumb","itemListElement":[{"@type":"ListItem","position":1,"name":"Inicio","item":"https:\/\/agasallorixinal.com\/es\/"},{"@type":"ListItem","position":2,"name":"Contacto"}]},{"@type":"WebSite","@id":"https:\/\/agasallorixinal.com\/es\/#website","url":"https:\/\/agasallorixinal.com\/es\/","name":"Agasallo Orixinal","description":"","publisher":{"@id":"https:\/\/agasallorixinal.com\/es\/#organization"},"potentialAction":[{"@type":"SearchAction","target":{"@type":"EntryPoint","urlTemplate":"https:\/\/agasallorixinal.com\/es\/?s={search_term_string}"},"query-input":{"@type":"PropertyValueSpecification","valueRequired":true,"valueName":"search_term_string"}}],"inLanguage":"es"},{"@type":"Organization","@id":"https:\/\/agasallorixinal.com\/es\/#organization","name":"Agasallo Orixinal","url":"https:\/\/agasallorixinal.com\/es\/","logo":{"@type":"ImageObject","inLanguage":"es","@id":"https:\/\/agasallorixinal.com\/es\/#\/schema\/logo\/image\/","url":"https:\/\/agasallorixinal.com\/wp-content\/uploads\/2024\/06\/logo_agasallorixinal_green.jpg","contentUrl":"https:\/\/agasallorixinal.com\/wp-content\/uploads\/2024\/06\/logo_agasallorixinal_green.jpg","width":500,"height":500,"caption":"Agasallo Orixinal"},"image":{"@id":"https:\/\/agasallorixinal.com\/es\/#\/schema\/logo\/image\/"}}]}},"_links":{"self":[{"href":"https:\/\/agasallorixinal.com\/es\/wp-json\/wp\/v2\/pages\/18271","targetHints":{"allow":["GET"]}}],"collection":[{"href":"https:\/\/agasallorixinal.com\/es\/wp-json\/wp\/v2\/pages"}],"about":[{"href":"https:\/\/agasallorixinal.com\/es\/wp-json\/wp\/v2\/types\/page"}],"author":[{"embeddable":true,"href":"https:\/\/agasallorixinal.com\/es\/wp-json\/wp\/v2\/users\/1"}],"replies":[{"embeddable":true,"href":"https:\/\/agasallorixinal.com\/es\/wp-json\/wp\/v2\/comments?post=18271"}],"version-history":[{"count":6,"href":"https:\/\/agasallorixinal.com\/es\/wp-json\/wp\/v2\/pages\/18271\/revisions"}],"predecessor-version":[{"id":18754,"href":"https:\/\/agasallorixinal.com\/es\/wp-json\/wp\/v2\/pages\/18271\/revisions\/18754"}],"wp:attachment":[{"href":"https:\/\/agasallorixinal.com\/es\/wp-json\/wp\/v2\/media?parent=18271"}],"curies":[{"name":"wp","href":"https:\/\/api.w.org\/{rel}","templated":true}]}}