{"id":18703,"date":"2024-11-26T18:20:56","date_gmt":"2024-11-26T17:20:56","guid":{"rendered":"https:\/\/agasallorixinal.com\/aviso-legal-2\/"},"modified":"2025-04-02T10:42:51","modified_gmt":"2025-04-02T08:42:51","slug":"aviso-legal-2","status":"publish","type":"page","link":"https:\/\/agasallorixinal.com\/es\/aviso-legal-2\/","title":{"rendered":"Aviso legal"},"content":{"rendered":"\t\t<div data-elementor-type=\"wp-page\" data-elementor-id=\"18703\" class=\"elementor elementor-18703 elementor-17013\">\n\t\t\t\t<div class=\"elementor-element elementor-element-4f836163 e-flex e-con-boxed e-con e-parent\" data-id=\"4f836163\" data-element_type=\"container\">\n\t\t\t\t\t<div class=\"e-con-inner\">\n\t\t\t\t<div class=\"elementor-element elementor-element-264d5f6a elementor-widget elementor-widget-text-editor\" data-id=\"264d5f6a\" data-element_type=\"widget\" data-widget_type=\"text-editor.default\">\n\t\t\t\t<div class=\"elementor-widget-container\">\n\t\t\t\t\t\t\t\t\t<p><strong>I. INFORMACI\u00d3N GENERAL<\/strong><\/p>\n<p>En cumplimiento con el deber de informaci\u00f3n recogido en la Ley 34\/2002 de Servicios de la Sociedad de la Informaci\u00f3n y del Comercio Electr\u00f3nico (LSSI-CE) de 11 de julio, se facilitan a continuaci\u00f3n los siguientes datos de informaci\u00f3n general de este sitio web:<\/p>\n<p>La titularidad de este sitio web, https:\/\/agasallorixinal.com\/, (en adelante, Sitio Web) es la tienda: PABLO CARRON REBOREDO, con NIF: 77418831A, y cuyos datos de contacto son:<\/p>\n<p>Direcci\u00f3n: CALLE MONTE FARO 78 BAIXO LALIN 36500 PONTEVEDRA<\/p>\n<p>Email de contacto: agasallorixinal@gmail.com<\/p>\n<p><strong>II. T\u00c9RMINOS Y CONDICIONES GENERALES DE USO <\/strong><\/p>\n<p><strong>Objeto de las condiciones: El Sitio Web<\/strong><\/p>\n<p>El objeto de las presentes Condiciones Generales de Uso (en adelante, Condiciones) es regular el acceso y utilizaci\u00f3n del Sitio Web. A los efectos de las presentes condiciones se entender\u00e1 por Sitio Web: la apariencia externa de las interfaces de pantalla, tanto est\u00e1tica como din\u00e1mica, es decir, el \u00e1rbol de navegaci\u00f3n; y todos los elementos integrados tanto en los interfaces de pantalla como en el \u00e1rbol de navegaci\u00f3n (en adelante, contenidos) y todos aquellos servicios o recursos en l\u00ednea que, en su caso, se ofrezcan a los Usuarios (en adelante, Servicios). <\/p>\n<p>Agasallo Orixinal se reserva el derecho a modificar, en cualquier momento, y sin previo aviso, la presentaci\u00f3n y configuraci\u00f3n del Sitio Web y de los Contenidos y Servicios que en \u00e9l pudieran incorporar. El Usuario reconoce y acepta que en cualquier momento Agasallo Orixinal podr\u00e1 interrumpir, desactivar y\/o cancelar cualquiera de estos elementos que se integran en el Sitio Web o el acceso a los mismos. <\/p>\n<p>El acceso al Sitio Web por parte del Usuario tiene car\u00e1cter libre y, por regla general, gratuito sin que el Usuario tenga que proporcionar contraprestaci\u00f3n alguna para poder disfrutar de \u00e9l, salvo en lo relativo al coste de la conexi\u00f3n a trav\u00e9s de la red de telecomunicaciones suministrada por el proveedor de acceso contratado por el Usuario.<\/p>\n<p>Debido al coste de la conexi\u00f3n a trav\u00e9s de la red de telecomunicaciones suministrada por el proveedor de acceso, y contratada por el Usuario, algunos de los contenidos o servicios ofrecidos por Agasallo Orixinal o, en su caso, terceros a trav\u00e9s del Sitio Web pueden encontrarse sujetos a la contrataci\u00f3n previa del contenido o servicio, en cuyo caso se especificar\u00e1n y\/o pondr\u00e1n a disposici\u00f3n del Usuario con claridad las correspondientes condiciones generales o particulares que lo regulen.<\/p>\n<p>El uso de cualquiera de los contenidos o servicios del Sitio Web podr\u00e1 realizarse mediante la previa suscripci\u00f3n o registro del usuario.<\/p>\n<p>La utilizaci\u00f3n de los contenidos no requiere ninguna suscripci\u00f3n o registro.<\/p>\n<p><strong>El Usuario<\/strong><\/p>\n<p>&nbsp;El acceso, la navegaci\u00f3n y uso del Sitio Web, as\u00ed como por los espacios habilitados para la interacci\u00f3n entre los Usuarios, y el Usuario y Agasallo Orixinal, como los comentarios y\/o espacios de blogging, confiere la condici\u00f3n de Usuario, por lo que se aceptan, desde que se inicia la navegaci\u00f3n en el Sitio Web, todas las Condiciones aqu\u00ed establecidas, as\u00ed como sus posteriores modificaciones, sin perjuicio de la aplicaci\u00f3n de la correspondiente normativa legal de obligado cumplimiento seg\u00fan el caso. Dada la relevancia de lo anterior, se recomienda al Usuario leerlas cada vez que visite el Sitio Web. <\/p>\n<p>El sitio web de Agasallo Orixinal ofrece una amplia variedad de informaci\u00f3n, servicios y datos. El Usuario asume la responsabilidad de realizar un uso correcto del Sitio Web. Esta responsabilidad se extender\u00e1 a:  <\/p>\n<ul>\n<li>Un uso de la informaci\u00f3n, contenidos y\/o servicios y datos ofrecidos por Agasallo Orixinal sin que sea contrario a lo dispuesto por las presentes condiciones, la Ley, la moral o el orden p\u00fablico, o que de cualquier otro modo puedan perjudicar los derechos de terceros o el mismo funcionamiento del Sitio Web.<\/li>\n<li>La veracidad y licitud de las infracciones aportadas por el Usuario en los formularios extendidos por Agasallo Orixinal para el acceso a ciertos contenidos o servicios ofrecidos por el Sitio Web. En todo caso, el Usuario notificar\u00e1 de forma inmediata a Agasallo Orixinal cualquier hecho que permita el uso indebido de la informaci\u00f3n registrada en dichos formularios, tales como, pero no limitado a, el robo, extrav\u00edo, o el acceso no autorizado a identificadores y\/o contrase\u00f1as, con el fin de proceder a su inmediata cancelaci\u00f3n. <\/li>\n<\/ul>\n<p>Agasallo Orixinal se reserva el derecho de retirar todos aquellos comentarios y aportaciones que vulneren la ley, el respeto a la dignidad de la persona, que sean discriminatorios, xen\u00f3fobos, racistas, pornogr\u00e1ficos, spamming, que atenten contra la juventud o la infancia, el orden o la seguridad p\u00fablica o que, a su juicio, no resultaran adecuados para su publicaci\u00f3n.<\/p>\n<p>En cualquier caso, Agasallo Orixinal no ser\u00e1 responsable de las opiniones vertidas por los usuarios a trav\u00e9s de comentarios u otras herramientas de blogging o de participaci\u00f3n que pueda haber.<\/p>\n<p>El mero acceso a este Sitio Web no supone el inicio de ning\u00fan tipo de relaci\u00f3n de car\u00e1cter comercial entre Agasallo Orixinal y el Usuario.<\/p>\n<p>El Usuario declara ser mayor de edad y disponer de la capacidad jur\u00eddica suficiente para vincularse por las presentes condiciones. Por lo tanto, este Sitio Web de Regalos Originales no est\u00e1 dirigido a menores de edad. Original Gift declina cualquier responsabilidad por el incumplimiento de este requisito.  <\/p>\n<p>Siempre en cumplimiento con la legislaci\u00f3n vigente, este Sitio Web de Regalos Originales est\u00e1 dirigido a todas las personas, independientemente de su edad, que puedan acceder y\/o navegar por las p\u00e1ginas del Sitio Web.<\/p>\n<p>El Sitio Web est\u00e1 dirigido principalmente a Usuarios residentes en Espa\u00f1a. Agasallo Orixinal no garantiza que el Sitio Web cumpla con la legislaci\u00f3n de otros pa\u00edses, ni total ni parcialmente. Si el Usuario reside o tiene su domiciliado en otro lugar y decide acceder y\/o navegar en el Sitio Web, lo har\u00e1 bajo su propia responsabilidad, asegur\u00e1ndose de que tal acceso y navegaci\u00f3n cumple con la legislaci\u00f3n local que le es aplicable, no asumiendo Agasallo Orixinal responsabilidad alguna que se pueda derivar de dicho acceso.  <\/p>\n<p><strong>III. ACCESO Y NAVEGACI\u00d3N EN EL SITIO WEB: EXCLUSI\u00d3N DE GARANT\u00cdAS Y RESPONSABILIDAD <\/strong><\/p>\n<p>Agasallo Orixinal no garantiza la continuidad, disponibilidad y utilidad del Sitio Web, ni de los contenidos o servicios. Agasallo Orixinal har\u00e1 todo lo posible para garantizar el correcto funcionamiento del Sitio Web, sin embargo, no se responsabiliza ni garantiza que el acceso a este Sitio Web no sea ininterrumpido o que est\u00e9 libre de errores. <\/p>\n<p>Tampoco se responsabiliza o garantiza que el contenido o software al que pueda accederse a trav\u00e9s de este Sitio Web, est\u00e9 libre de error o cause un da\u00f1o al sistema inform\u00e1tico (software y hardware) del Usuario. En ning\u00fan caso Agasallo Orixinal ser\u00e1 responsable de las p\u00e9rdidas, da\u00f1os o perjuicios de cualquier tipo que surjan por el acceso, navegaci\u00f3n y uso del Sitio Web, incluy\u00e9ndose, pero no limit\u00e1ndose, a los ocasionados a los sistemas inform\u00e1ticos o los provocados por la introducci\u00f3n de virus. <\/p>\n<p>Agasallo Orixinal tampoco se hace responsable de los da\u00f1os que pudieran ocasionarse a los usuarios por un uso inadecuado de este Sitio Web. En particular, no se hace responsable en modo alguno de las ca\u00eddas, interrupciones, falta o defecto de las telecomunicaciones que pudieran ocurrir. <\/p>\n<p><strong>IV. POL\u00cdTICA DE ENLACES <\/strong><\/p>\n<p>Se informa que el Sitio Web de Agasallo Orixinal pone o puede poner a disposici\u00f3n de los Usuarios medios de enlace (como, entre otros, links, banners, botones), directorios y motores de b\u00fasqueda que permiten a los Usuarios acceder a sitios web pertenecientes y\/o gestionados por terceros.<\/p>\n<p>La instalaci\u00f3n de estos enlaces, directorios y motores de b\u00fasqueda en el Sitio Web tiene por objeto facilitar a los Usuarios la b\u00fasqueda de informaci\u00f3n disponible en Internet, sin que pueda considerarse una sugerencia, recomendaci\u00f3n o invitaci\u00f3n para la visita.<\/p>\n<p>Agasallo Orixinal no ofrece ni comercializa, por s\u00ed ni por medio de terceros, los productos y\/o servicios disponibles en dichos sitios enlazados.<\/p>\n<p>Agasallo Orixinal ofrece contenido patrocinado, anuncios y\/o enlaces de afiliados. La informaci\u00f3n que aparece en estos enlaces de afiliados o los anuncios insertados son proporcionados por los propios anunciantes, por lo que Agasallo Orixinal no se hace responsable de las posibles inexactitudes o errores que puedan contener los anuncios, ni garantiza de ning\u00fan modo la experiencia, integridad o responsabilidad de los anunciantes ni la calidad de sus productos y\/o servicios. <\/p>\n<p>Asimismo, tampoco garantizar\u00e1 la disponibilidad t\u00e9cnica, exactitud, veracidad, validez o legalidad de sitios ajenos a su propiedad a los que se pueda acceder por medio de los enlaces.<\/p>\n<p>Agasallo Orixinal en ning\u00fan caso revisar\u00e1 o controlar\u00e1 el contenido de otros sitios web, as\u00ed como tampoco aprueba, examina ni hace propios los productos y servicios, contenidos, archivos y cualquier otro material existente en los referidos sitios enlazados.<\/p>\n<p>Agasallo Orixinal no asume ninguna responsabilidad por los da\u00f1os y perjuicios que pudieran producirse por el acceso, uso, calidad o licitud de los contenidos, comunicaciones, opiniones, productos y servicios de los sitios web no gestionados por Agasallo Orixinal y que sean enlazados en este Sitio Web.<\/p>\n<p>El Usuario o tercero que realice un hiperv\u00ednculo desde una p\u00e1gina web de otro sitio web distinto al Sitio Web de Original Gift deber\u00e1 tener en cuenta que:<\/p>\n<p>No se permite la reproducci\u00f3n\u2014total o parcial\u2014de ninguno de los Contenidos y\/o Servicios del Sitio Web sin la autorizaci\u00f3n expresa de Agasallo Orixinal.<\/p>\n<p>No se permite ninguna manifestaci\u00f3n falsa, inexacta o incorrecta sobre el Sitio Web de Agasallo Orixinal, ni sobre sus contenidos y\/o Servicios.<\/p>\n<p>A excepci\u00f3n del hiperv\u00ednculo, el sitio web en el que se establezca dicho hiperenlace no contendr\u00e1 ning\u00fan elemento, de este Sitio Web, protegido como propiedad intelectual por el ordenamiento jur\u00eddico espa\u00f1ol, salvo autorizaci\u00f3n expresa de Agasallo Orixinal.<\/p>\n<p>El establecimiento del hiperv\u00ednculo no implicar\u00e1 la existencia de relaciones entre Agasallo Orixinal y el titular del sitio web desde el cual se realice, ni el conocimiento y aceptaci\u00f3n de Agasallo Orixinal de los contenidos, servicios y\/o actividades ofrecidos en dicho sitio web, y viceversa.<\/p>\n<p><strong>V. PROPIEDAD INTELECTUAL E INDUSTRIAL<\/strong><\/p>\n<p>&nbsp;Agasallo Orixinal, por s\u00ed o como cesionaria, es titular de todos los derechos de propiedad intelectual e industrial del Sitio Web, as\u00ed como de los elementos contenidos en el mismo (a t\u00edtulo enunciativo y no limitativo, im\u00e1genes, sonido, audio, v\u00eddeo, software o textos, marcas o logotipos, combinaciones de colores, estructura y dise\u00f1o, selecci\u00f3n de materiales usados, programas de ordenador necesarios para su funcionamiento, acceso y uso, etc.). Ser\u00e1n, por tanto, obras protegidas como propiedad intelectual por el ordenamiento jur\u00eddico espa\u00f1ol, si\u00e9ndoles aplicables tanto la normativa espa\u00f1ola y comunitaria en este campo como los tratados internacionales relativos a la materia y suscritos por Espa\u00f1a.<\/p>\n<p>Reservados todos los derechos. En virtud de lo dispuesto en la Ley de Propiedad Intelectual, quedan expresamente prohibidas la reproducci\u00f3n, la distribuci\u00f3n y la comunicaci\u00f3n p\u00fablica, incluida su modalidad de puesta a disposici\u00f3n, de la totalidad o parte de los contenidos de esta p\u00e1gina web, con fines comerciales, en cualquier soporte y por cualquier medio t\u00e9cnico, sin la autorizaci\u00f3n escrita del titular. <\/p>\n<p>El Usuario se compromete a respetar los derechos de propiedad intelectual e industrial de Agasallo Orixinal. Podr\u00e1s visualizar los elementos del Sitio Web o incluso imprimirlos, copiarlos y almacenarlos en el disco duro de tu ordenador o en cualquier otro soporte f\u00edsico siempre y cuando sea exclusivamente para tu uso personal. El Usuario, sin embargo, no podr\u00e1 suprimir, alterar, o manipular cualquier dispositivo de protecci\u00f3n o sistema de seguridad que estuviera instalado en el Sitio Web.  <\/p>\n<p>En el caso de que el Usuario o un tercero considere que cualquiera de los contenidos del Sitio Web suponga una violaci\u00f3n de derechos de protecci\u00f3n de la propiedad intelectual, deber\u00e1 comunicarlo inmediatamente a Agasallo Orixinal a trav\u00e9s de los datos de contacto del punto de INFORMACI\u00d3N GENERAL del presente aviso legal y Condiciones Generales de Uso.<\/p>\n<p><strong>VI. ACCIONES LEGALES, LEGISLACI\u00d3N APLICABLE Y JURISDICCI\u00d3N <\/strong><\/p>\n<p>Agasallo Orixinal se reserva la facultad de presentar las acciones civiles o penales que considere necesarias por la utilizaci\u00f3n indebida del Sitio Web y Contenidos, o por el incumplimiento de las presentes condiciones.<\/p>\n<p>La relaci\u00f3n entre el Usuario y Original Gift se regir\u00e1 por la normativa vigente y de aplicaci\u00f3n en el territorio espa\u00f1ol. De surgir cualquier controversia en relaci\u00f3n a la interpretaci\u00f3n y\/o a la aplicaci\u00f3n de estas condiciones, las partes someter\u00e1n sus conflictos a la jurisdicci\u00f3n ordinaria, someti\u00e9ndose a los jueces y tribunales que correspondan seg\u00fan derecho. <\/p>\t\t\t\t\t\t\t\t<\/div>\n\t\t\t\t<\/div>\n\t\t\t\t\t<\/div>\n\t\t\t\t<\/div>\n\t\t\t\t<\/div>\n\t\t","protected":false},"excerpt":{"rendered":"<p>I. INFORMACI\u00d3N GENERAL En cumplimiento con el deber de informaci\u00f3n recogido en la Ley 34\/2002 de Servicios de la Sociedad de la Informaci\u00f3n y del Comercio Electr\u00f3nico (LSSI-CE) de 11 de julio, se facilitan a continuaci\u00f3n los siguientes datos de informaci\u00f3n general de este sitio web: La titularidad de este sitio web, https:\/\/agasallorixinal.com\/, (en adelante, [&hellip;]<\/p>\n","protected":false},"author":1,"featured_media":0,"parent":0,"menu_order":101,"comment_status":"closed","ping_status":"closed","template":"","meta":{"footnotes":""},"class_list":["post-18703","page","type-page","status-publish","hentry"],"yoast_head":"<!-- This site is optimized with the Yoast SEO plugin v25.6 - https:\/\/yoast.com\/wordpress\/plugins\/seo\/ -->\n<title>Aviso legal - Agasallo Orixinal<\/title>\n<meta name=\"robots\" content=\"index, follow, max-snippet:-1, max-image-preview:large, max-video-preview:-1\" \/>\n<link rel=\"canonical\" href=\"https:\/\/agasallorixinal.com\/es\/aviso-legal-2\/\" \/>\n<meta property=\"og:locale\" content=\"es_ES\" \/>\n<meta property=\"og:type\" content=\"article\" \/>\n<meta property=\"og:title\" content=\"Aviso legal - Agasallo Orixinal\" \/>\n<meta property=\"og:description\" content=\"I. INFORMACI\u00d3N GENERAL En cumplimiento con el deber de informaci\u00f3n recogido en la Ley 34\/2002 de Servicios de la Sociedad de la Informaci\u00f3n y del Comercio Electr\u00f3nico (LSSI-CE) de 11 de julio, se facilitan a continuaci\u00f3n los siguientes datos de informaci\u00f3n general de este sitio web: La titularidad de este sitio web, https:\/\/agasallorixinal.com\/, (en adelante, [&hellip;]\" \/>\n<meta property=\"og:url\" content=\"https:\/\/agasallorixinal.com\/es\/aviso-legal-2\/\" \/>\n<meta property=\"og:site_name\" content=\"Agasallo Orixinal\" \/>\n<meta property=\"article:modified_time\" content=\"2025-04-02T08:42:51+00:00\" \/>\n<meta name=\"twitter:card\" content=\"summary_large_image\" \/>\n<meta name=\"twitter:label1\" content=\"Tiempo de lectura\" \/>\n\t<meta name=\"twitter:data1\" content=\"11 minutos\" \/>\n<script type=\"application\/ld+json\" class=\"yoast-schema-graph\">{\"@context\":\"https:\/\/schema.org\",\"@graph\":[{\"@type\":\"WebPage\",\"@id\":\"https:\/\/agasallorixinal.com\/es\/aviso-legal-2\/\",\"url\":\"https:\/\/agasallorixinal.com\/es\/aviso-legal-2\/\",\"name\":\"Aviso legal - Agasallo Orixinal\",\"isPartOf\":{\"@id\":\"https:\/\/agasallorixinal.com\/es\/#website\"},\"datePublished\":\"2024-11-26T17:20:56+00:00\",\"dateModified\":\"2025-04-02T08:42:51+00:00\",\"breadcrumb\":{\"@id\":\"https:\/\/agasallorixinal.com\/es\/aviso-legal-2\/#breadcrumb\"},\"inLanguage\":\"es\",\"potentialAction\":[{\"@type\":\"ReadAction\",\"target\":[\"https:\/\/agasallorixinal.com\/es\/aviso-legal-2\/\"]}]},{\"@type\":\"BreadcrumbList\",\"@id\":\"https:\/\/agasallorixinal.com\/es\/aviso-legal-2\/#breadcrumb\",\"itemListElement\":[{\"@type\":\"ListItem\",\"position\":1,\"name\":\"Inicio\",\"item\":\"https:\/\/agasallorixinal.com\/es\/\"},{\"@type\":\"ListItem\",\"position\":2,\"name\":\"Aviso legal\"}]},{\"@type\":\"WebSite\",\"@id\":\"https:\/\/agasallorixinal.com\/es\/#website\",\"url\":\"https:\/\/agasallorixinal.com\/es\/\",\"name\":\"Agasallo Orixinal\",\"description\":\"\",\"publisher\":{\"@id\":\"https:\/\/agasallorixinal.com\/es\/#organization\"},\"potentialAction\":[{\"@type\":\"SearchAction\",\"target\":{\"@type\":\"EntryPoint\",\"urlTemplate\":\"https:\/\/agasallorixinal.com\/es\/?s={search_term_string}\"},\"query-input\":{\"@type\":\"PropertyValueSpecification\",\"valueRequired\":true,\"valueName\":\"search_term_string\"}}],\"inLanguage\":\"es\"},{\"@type\":\"Organization\",\"@id\":\"https:\/\/agasallorixinal.com\/es\/#organization\",\"name\":\"Agasallo Orixinal\",\"url\":\"https:\/\/agasallorixinal.com\/es\/\",\"logo\":{\"@type\":\"ImageObject\",\"inLanguage\":\"es\",\"@id\":\"https:\/\/agasallorixinal.com\/es\/#\/schema\/logo\/image\/\",\"url\":\"https:\/\/agasallorixinal.com\/wp-content\/uploads\/2024\/06\/logo_agasallorixinal_green.jpg\",\"contentUrl\":\"https:\/\/agasallorixinal.com\/wp-content\/uploads\/2024\/06\/logo_agasallorixinal_green.jpg\",\"width\":500,\"height\":500,\"caption\":\"Agasallo Orixinal\"},\"image\":{\"@id\":\"https:\/\/agasallorixinal.com\/es\/#\/schema\/logo\/image\/\"}}]}<\/script>\n<!-- \/ Yoast SEO plugin. -->","yoast_head_json":{"title":"Aviso legal - Agasallo Orixinal","robots":{"index":"index","follow":"follow","max-snippet":"max-snippet:-1","max-image-preview":"max-image-preview:large","max-video-preview":"max-video-preview:-1"},"canonical":"https:\/\/agasallorixinal.com\/es\/aviso-legal-2\/","og_locale":"es_ES","og_type":"article","og_title":"Aviso legal - Agasallo Orixinal","og_description":"I. INFORMACI\u00d3N GENERAL En cumplimiento con el deber de informaci\u00f3n recogido en la Ley 34\/2002 de Servicios de la Sociedad de la Informaci\u00f3n y del Comercio Electr\u00f3nico (LSSI-CE) de 11 de julio, se facilitan a continuaci\u00f3n los siguientes datos de informaci\u00f3n general de este sitio web: La titularidad de este sitio web, https:\/\/agasallorixinal.com\/, (en adelante, [&hellip;]","og_url":"https:\/\/agasallorixinal.com\/es\/aviso-legal-2\/","og_site_name":"Agasallo Orixinal","article_modified_time":"2025-04-02T08:42:51+00:00","twitter_card":"summary_large_image","twitter_misc":{"Tiempo de lectura":"11 minutos"},"schema":{"@context":"https:\/\/schema.org","@graph":[{"@type":"WebPage","@id":"https:\/\/agasallorixinal.com\/es\/aviso-legal-2\/","url":"https:\/\/agasallorixinal.com\/es\/aviso-legal-2\/","name":"Aviso legal - Agasallo Orixinal","isPartOf":{"@id":"https:\/\/agasallorixinal.com\/es\/#website"},"datePublished":"2024-11-26T17:20:56+00:00","dateModified":"2025-04-02T08:42:51+00:00","breadcrumb":{"@id":"https:\/\/agasallorixinal.com\/es\/aviso-legal-2\/#breadcrumb"},"inLanguage":"es","potentialAction":[{"@type":"ReadAction","target":["https:\/\/agasallorixinal.com\/es\/aviso-legal-2\/"]}]},{"@type":"BreadcrumbList","@id":"https:\/\/agasallorixinal.com\/es\/aviso-legal-2\/#breadcrumb","itemListElement":[{"@type":"ListItem","position":1,"name":"Inicio","item":"https:\/\/agasallorixinal.com\/es\/"},{"@type":"ListItem","position":2,"name":"Aviso legal"}]},{"@type":"WebSite","@id":"https:\/\/agasallorixinal.com\/es\/#website","url":"https:\/\/agasallorixinal.com\/es\/","name":"Agasallo Orixinal","description":"","publisher":{"@id":"https:\/\/agasallorixinal.com\/es\/#organization"},"potentialAction":[{"@type":"SearchAction","target":{"@type":"EntryPoint","urlTemplate":"https:\/\/agasallorixinal.com\/es\/?s={search_term_string}"},"query-input":{"@type":"PropertyValueSpecification","valueRequired":true,"valueName":"search_term_string"}}],"inLanguage":"es"},{"@type":"Organization","@id":"https:\/\/agasallorixinal.com\/es\/#organization","name":"Agasallo Orixinal","url":"https:\/\/agasallorixinal.com\/es\/","logo":{"@type":"ImageObject","inLanguage":"es","@id":"https:\/\/agasallorixinal.com\/es\/#\/schema\/logo\/image\/","url":"https:\/\/agasallorixinal.com\/wp-content\/uploads\/2024\/06\/logo_agasallorixinal_green.jpg","contentUrl":"https:\/\/agasallorixinal.com\/wp-content\/uploads\/2024\/06\/logo_agasallorixinal_green.jpg","width":500,"height":500,"caption":"Agasallo Orixinal"},"image":{"@id":"https:\/\/agasallorixinal.com\/es\/#\/schema\/logo\/image\/"}}]}},"_links":{"self":[{"href":"https:\/\/agasallorixinal.com\/es\/wp-json\/wp\/v2\/pages\/18703","targetHints":{"allow":["GET"]}}],"collection":[{"href":"https:\/\/agasallorixinal.com\/es\/wp-json\/wp\/v2\/pages"}],"about":[{"href":"https:\/\/agasallorixinal.com\/es\/wp-json\/wp\/v2\/types\/page"}],"author":[{"embeddable":true,"href":"https:\/\/agasallorixinal.com\/es\/wp-json\/wp\/v2\/users\/1"}],"replies":[{"embeddable":true,"href":"https:\/\/agasallorixinal.com\/es\/wp-json\/wp\/v2\/comments?post=18703"}],"version-history":[{"count":1,"href":"https:\/\/agasallorixinal.com\/es\/wp-json\/wp\/v2\/pages\/18703\/revisions"}],"predecessor-version":[{"id":18704,"href":"https:\/\/agasallorixinal.com\/es\/wp-json\/wp\/v2\/pages\/18703\/revisions\/18704"}],"wp:attachment":[{"href":"https:\/\/agasallorixinal.com\/es\/wp-json\/wp\/v2\/media?parent=18703"}],"curies":[{"name":"wp","href":"https:\/\/api.w.org\/{rel}","templated":true}]}}