{"id":18705,"date":"2025-02-05T09:40:01","date_gmt":"2025-02-05T08:40:01","guid":{"rendered":"https:\/\/agasallorixinal.com\/politica-de-privacidad\/"},"modified":"2025-04-02T10:53:52","modified_gmt":"2025-04-02T08:53:52","slug":"politica-de-privacidad","status":"publish","type":"page","link":"https:\/\/agasallorixinal.com\/es\/politica-de-privacidad\/","title":{"rendered":"Pol\u00edtica de privacidad"},"content":{"rendered":"\t\t<div data-elementor-type=\"wp-page\" data-elementor-id=\"18705\" class=\"elementor elementor-18705 elementor-17305\">\n\t\t\t\t<div class=\"elementor-element elementor-element-4f836163 e-flex e-con-boxed e-con e-parent\" data-id=\"4f836163\" data-element_type=\"container\">\n\t\t\t\t\t<div class=\"e-con-inner\">\n\t\t\t\t<div class=\"elementor-element elementor-element-264d5f6a elementor-widget elementor-widget-text-editor\" data-id=\"264d5f6a\" data-element_type=\"widget\" data-widget_type=\"text-editor.default\">\n\t\t\t\t<div class=\"elementor-widget-container\">\n\t\t\t\t\t\t\t\t\t<h4>Pol\u00edtica de privacidad<\/h4><h5>1. INFORMACI\u00d3N AL USUARIO<\/h5><p>PABLO CARRON REBOREDO, con DNI 77418831A, en adelante RESPONSABLE, es el Responsable del tratamiento de los datos personales del Usuario y le informa que estos datos ser\u00e1n tratados de conformidad con lo dispuesto en el Reglamento (UE) 2016\/679 de 27 de abril (GDPR) y la Ley Org\u00e1nica 3\/2018 de 5 de diciembre (LOPDGDD), por lo que se le facilita la siguiente informaci\u00f3n del tratamiento:<\/p><p>Fin del tratamiento: mantener una relaci\u00f3n comercial con el Usuario. Las operaciones previstas para realizar el tratamiento son: <\/p><ul><li>Remisi\u00f3n de comunicaciones comerciales publicitarias por email, fax, SMS, MMS, comunidades sociales o cualquier otro medio electr\u00f3nico o f\u00edsico, presente o futuro, que posibilite realizar comunicaciones comerciales. Estas comunicaciones ser\u00e1n realizadas por el RESPONSABLE y relacionadas con sus productos y servicios, o de sus colaboradores o proveedores con los que \u00e9ste haya alcanzado alg\u00fan acuerdo de promoci\u00f3n. En este caso, terceros nunca tendr\u00e1n acceso a los datos personales.  <\/li><li>Realizar estudios estad\u00edsticos.<\/li><li>Tramitar encargos, solicitudes o cualquier tipo de petici\u00f3n que sea realizada por el usuario a trav\u00e9s de cualquiera de las formas de contacto que se ponen a su disposici\u00f3n.<\/li><li>Enviar un posible bolet\u00edn informativo desde el sitio web.<\/li><\/ul><p>Base legal del tratamiento: consentimiento del interesado.<\/p><p>Criterios de conservaci\u00f3n de los datos: se conservar\u00e1n durante no m\u00e1s tiempo del necesario para mantener el fin del tratamiento y cuando ya no sea necesario para tal fin, se suprimir\u00e1n con medidas de seguridad adecuadas para garantizar la seudonimizaci\u00f3n de los datos o la destrucci\u00f3n total de los mismos.<\/p><p>Comunicaci\u00f3n de los datos: no se comunicar\u00e1n los datos a terceros, salvo obligaci\u00f3n legal. Derechos que asisten al usuario: <\/p><ul><li>Derecho a retirar el consentimiento en cualquier momento.<\/li><li>Derecho de acceso, rectificaci\u00f3n, portabilidad y supresi\u00f3n de sus datos y a limitar u oponerse a su tratamiento.<\/li><li>Derecho a presentar una reclamaci\u00f3n ante la autoridad de control (www.aepd.es) si considera que el tratamiento no se ajusta a la normativa vigente.<\/li><li>Datos de contacto para ejercer tus derechos: PABLO CARRON REBOREDO (REGALO ORIGINAL). RUA MONTE FARO 78 ABAJO LALIN 36500 PONTEVEDRA. Correo electr\u00f3nico: regalarixinal@gmail.com  <\/li><\/ul><h5>2. CAR\u00c1CTER OBLIGATORIO O FACULTATIVO DE LA INFORMACI\u00d3N FACILITADA POR EL USUARIO<\/h5><p>Los Usuarios, mediante la marcaci\u00f3n de las casillas correspondientes y entrada de datos en los campos, marcados con un asterisco (*) en el formulario de contacto o presentados en formularios de descarga, aceptan expresamente y de forma libre e inequ\u00edvoca, que sus datos son necesarios para atender su petici\u00f3n, por parte del prestador, siendo voluntaria la inclusi\u00f3n de datos en los campos restantes. El Usuario garantiza que los datos personales facilitados al RESPONSABLE son veraces y se hace responsable de comunicar cualquier modificaci\u00f3n de los mismos. EL RESPONSABLE informa y garantiza expresamente a los usuarios que sus datos personales no ser\u00e1n cedidos en ning\u00fan caso a terceros, y que siempre que realizara alg\u00fan tipo de cesi\u00f3n de datos personales, se pedir\u00e1 previamente el consentimiento expreso, informado e inequ\u00edvoco por parte de los usuarios. Todos los datos solicitados a trav\u00e9s del sitio web son obligatorios, ya que son necesarios para la prestaci\u00f3n de un servicio \u00f3ptimo al Usuario. Si no se facilitan todos los datos, no se garantiza que la informaci\u00f3n y los servicios facilitados sean completamente ajustados a sus necesidades.    <\/p><h5>3. MEDIDAS DE SEGURIDAD<\/h5><p>Que de conformidad con lo dispuesto en las normativas vigentes en protecci\u00f3n de datos personales, el RESPONSABLE est\u00e1 cumpliendo con todas las disposiciones de las normativas GDPR para el tratamiento de los datos personales de su responsabilidad, y manifiestamente con los principios descritos en el art\u00edculo 5 del GDPR, por los cuales son tratados de manera l\u00edcita, leal y transparente en relaci\u00f3n con el interesado y adecuados, pertinentes y limitados a lo necesario en relaci\u00f3n con los fines para los que son tratados. EL RESPONSABLE garantiza que ha implementado pol\u00edticas t\u00e9cnicas y organizativas apropiadas para aplicar las medidas de seguridad que establecen el GDPR con el fin de proteger los derechos y libertades de los usuarios y les ha comunicado la informaci\u00f3n adecuada para que puedan ejercerlos. Los pagos realizados con tarjeta de cr\u00e9dito o d\u00e9bito ser\u00e1n gestionados por la pasarela de pago, por lo que ning\u00fan dato al realizar el pago ser\u00e1 administrado por nuestra base de datos. Todas las compras realizadas en nuestra web agathelorixinal@gmail.com est\u00e1n protegidas por las medidas de seguridad m\u00e1s eficientes. Contamos con un certificado Secure Sockets Layer (SSL) que proporciona autenticaci\u00f3n y privacidad de la informaci\u00f3n mediante el uso de criptograf\u00eda, como si se tratase de una operaci\u00f3n en una calle del propio banco.    <\/p><h5>CONDICIONES GENERALES DE CONTRATACI\u00d3N<\/h5><p>Informaci\u00f3n previa al proceso contractual Sitio web www.agasallorixinal.com titularidad de PABLO CARRON REBOREDO con NIF 77418831A y domicilio fiscal en RUA MONTE FARO 78 BAIXO 36500 LALIN PONTEVEDRA actuando comercialmente como AGASALLO ORIXINAL.<\/p><p>Las condiciones generales de Contrataci\u00f3n regulan la relaci\u00f3n de venta a distancia entre AGASALLO ORIXINALe y el usuario o cliente, de acuerdo con las disposiciones legales, en particular, la Ley 7\/1998, de 13 de abril, sobre condiciones generales de la contrataci\u00f3n, la Ley 3\/2014, de 27 de marzo, por la que se modifica el texto refundido de la Ley General para la Defensa de los Consumidores y Usuarios, la normativa vigente y aplicable en materia de protecci\u00f3n de datos de car\u00e1cter personal, la Ley 7\/1996, de 15 de enero, de ordenaci\u00f3n del comercio minorista, y la Ley 34\/2002, de 11 de julio, de servicios de la sociedad de la informaci\u00f3n y de comercio electr\u00f3nico.<\/p><p>AGASSALLO ORIGINAL se reserva el derecho a realizar las modificaciones que considere oportunas, sin previo aviso, en las condiciones generales. Estas modificaciones podr\u00e1n realizarse, a trav\u00e9s de sus sitios web, de cualquier forma admisible en derecho y ser\u00e1n de obligado cumplimiento durante el tiempo en que se encuentren publicadas en la web y hasta que no sean modificadas v\u00e1lidamente por otras posteriores. No obstante, AGASALLO ORIXINAL se reserva el derecho de aplicar, en determinados casos, condiciones particulares de contrataci\u00f3n con preferencia a estas condiciones generales cuando lo considere oportuno, anunci\u00e1ndolas en el momento y forma oportunos. El objeto del sitio web es LA VENTA DE ART\u00cdCULOS DE MADERA FABRICADOS MEDIANTE T\u00c9CNICAS DE IMPRESI\u00d3N L\u00c1SER, ENTRE OTRAS.   <\/p><p>La duraci\u00f3n del contrato quedar\u00e1 vinculada a la entrega del producto sin perjuicio del derecho de desistimiento.<\/p><p>Como usuario o cliente, usted declara expresamente conocer, entender y aceptar las condiciones de uso y las presentes condiciones generales de contrataci\u00f3n. Asimismo, declara ser mayor de edad y disponer de la capacidad jur\u00eddica y de obrar necesarias para el acceso a ORIGINAL GIFT y la contrataci\u00f3n a trav\u00e9s del mismo. Para adquirir nuestros productos puedes dirigirte al punto correspondiente de nuestra tienda online.  <\/p><p>No es imprescindible registrarse como usuario del sitio web para realizar una compra online. Pero podr\u00e1s acceder al punto correspondiente para realizar el registro en la propia web. De conformidad con lo dispuesto en la normativa vigente en materia de datos de car\u00e1cter personal, AGASALLO ORIXINAL informa a los usuarios de que los datos personales recabados durante el proceso de registro y posterior compra ser\u00e1n introducidos en un fichero bajo su responsabilidad, con la finalidad de tramitar dichas acciones por parte del usuario y gestionar las acciones posteriores derivadas de las mismas. Asimismo, AGASALLO ORIXINAL informa de la posibilidad de ejercer los derechos de acceso, rectificaci\u00f3n, cancelaci\u00f3n y oposici\u00f3n mediante escrito a la direcci\u00f3n RUA MONTE FARO 78 BAIXO 36500 LALIN PONTEVEDRA o a trav\u00e9s del correo electr\u00f3nico AGASALLORIXINAL@GMAIL.COM   <\/p><p>Mientras no nos comunique lo contrario, entenderemos que sus datos no han sido modificados, que usted se compromete a notificarnos cualquier variaci\u00f3n y que tenemos el consentimiento para utilizarlos a fin de poder fidelizar la relaci\u00f3n entre las partes. Durante el proceso de compra deber\u00e1s identificarte con el usuario y contrase\u00f1a proporcionados. Estos datos no ser\u00e1n p\u00fablicos. Usted es responsable de tratar de forma confidencial y responsable la identidad y contrase\u00f1a obtenida al registrarse como cliente, no pudiendo cederlas a otra persona. Podr\u00e1s modificar los datos registrados en cualquier momento, en tu \u00e1rea de cliente. En este mismo punto usted tendr\u00e1 acceso a un hist\u00f3rico de sus pedidos, este es solo un apartado de consulta pero se permite su gesti\u00f3n, pudiendo el usuario eliminar aquellos registros que considere no necesario visualizar.     <\/p><p>Una vez finalizado el proceso de compra, el cliente recibir\u00e1 una confirmaci\u00f3n por correo electr\u00f3nico. Es imprescindible que durante el proceso de compra el usuario indique un correo electr\u00f3nico v\u00e1lido. Si no recibe la confirmaci\u00f3n en 24 horas desde la finalizaci\u00f3n de su pedido, p\u00f3ngase en contacto con AGASALLO ORIXINAL en atenci\u00f3n al cliente en el 620 90 97 22 o por correo electr\u00f3nico AGASALLORIXINAL@GMAIL.COM  <\/p><p>Los contenidos del sitio web est\u00e1n en espa\u00f1ol.<\/p><p>El cliente, al recibir el producto en la direcci\u00f3n de entrega facilitada, recibir\u00e1 una factura por correo electr\u00f3nico.<\/p><h6>Oferta y validez<\/h6><p>En el caso de un producto en oferta, el precio de la oferta se indicar\u00e1 siempre junto a sus caracter\u00edsticas esenciales. En cumplimiento de la normativa vigente, AGASALLO ORIXINAL ofrece informaci\u00f3n sobre todos los art\u00edculos en venta, sus caracter\u00edsticas y precios. No obstante, AGASALLO ORIXINAL se reserva el derecho a retirar, reponer o cambiar los productos ofrecidos a trav\u00e9s de su sitio web, mediante el simple cambio en el contenido del mismo. De esta forma, los productos ofrecidos en cada momento por el sitio web se regir\u00e1n por las condiciones generales de contrataci\u00f3n vigentes en cada caso. Asimismo, la empresa tendr\u00e1 el derecho a dejar de ofrecer, sin previo aviso y en cualquier momento, el acceso a los productos citados.    <\/p><p>Caracter\u00edsticas esenciales de los productos<\/p><p>Los productos ofrecidos en nuestra tienda online incorporan una fotograf\u00eda y sus caracter\u00edsticas esenciales. El color del producto, visible en la fotograf\u00eda no es vinculante, ya que puede variar de un producto a otro. Lo mismo se identifica en las caracter\u00edsticas.  <\/p><p>Precios<\/p><p>Todos los productos indican el precio de venta en euros e incluyen el impuesto sobre el valor a\u00f1adido (IVA). Si fuera aplicable cualquier otro impuesto se indicar\u00eda como tal (IGIC o IPSI). <\/p><p>Costes de env\u00edo y transporte<\/p><p>AGASALLO ORIXINAL se env\u00eda S\u00d3LO en Pen\u00ednsula. Los gastos de env\u00edo se aplicar\u00e1n al final del proceso de compra en funci\u00f3n de los art\u00edculos a\u00f1adidos al carrito y del destino. Estos importes siempre se podr\u00e1n visualizar antes de completar el pago de la compra.  <\/p><p>AGASSALLO ORIXINAL se compromete a entregar el pedido en los plazos establecidos en la descripci\u00f3n de cada producto, a partir del d\u00eda siguiente al del pedido. REGALO ORIGINAL no se hace responsable por retrasos debidos a razones externas. <\/p><p>M\u00e9todos de pago y ejecuci\u00f3n de pedidos<\/p><p>El cliente podr\u00e1 abonar el importe de su pedido eligiendo cualquiera de las siguientes modalidades. Durante el proceso de compra deber\u00e1s indicar tu elecci\u00f3n: <\/p><p>\u2013 Tarjeta de Cr\u00e9dito o D\u00e9bito VISA\/MASTERCARD (Pasarela de pago TPV) Los pagos realizados con tarjeta de cr\u00e9dito o d\u00e9bito ser\u00e1n gestionados por la pasarela de pago, por lo que ning\u00fan dato al momento de realizar el pago ser\u00e1 administrado por nuestra base de datos. Todas las compras realizadas en nuestro sitio web www.AGASALLORIXINAL.COM est\u00e1n protegidas por las medidas de seguridad m\u00e1s eficientes. Disponemos de un certificado Secure Sockets Layer (SSL) que proporciona autenticaci\u00f3n y privacidad de la informaci\u00f3n mediante el uso de criptograf\u00eda, como si se tratase de una operaci\u00f3n en una calle del propio banco. \u2013 BizumPermite pagar c\u00f3modamente a trav\u00e9s del m\u00f3vil con un n\u00famero de tel\u00e9fono. Devoluci\u00f3n de pago: La devoluci\u00f3n de las cantidades recibidas por el cliente se efectuar\u00e1 mediante el mismo medio de pago utilizado por \u00e9ste, salvo que se indique lo contrario. AGASSALLO ORIXINAL podr\u00e1 retener el reembolso hasta haber recibido el producto, motivo del desistimiento, o hasta que el cliente aporte una prueba de la devoluci\u00f3n, seg\u00fan qu\u00e9 condici\u00f3n se cumpla primero.<\/p><p>Jurisdicci\u00f3n<\/p><p>Asimismo, AGASALLO ORIXINAL se reserva la facultad de presentar las acciones civiles o penales que considere oportunas por la utilizaci\u00f3n indebida de su sitio web y contenidos o por el incumplimiento de las presentes condiciones. La relaci\u00f3n entre el usuario y el prestador se regir\u00e1 por la normativa vigente y de aplicaci\u00f3n en el territorio espa\u00f1ol. De surgir cualquier controversia las partes podr\u00e1n someter sus conflictos a arbitraje o acudir a la jurisdicci\u00f3n ordinaria cumpliendo con las normas sobre jurisdicci\u00f3n y competencia al respecto. AGASALLO ORIXINAL est\u00e1 situado en LALIN &#8211; PONTEVEDRA, Espa\u00f1a.   <\/p>\t\t\t\t\t\t\t\t<\/div>\n\t\t\t\t<\/div>\n\t\t\t\t\t<\/div>\n\t\t\t\t<\/div>\n\t\t\t\t<\/div>\n\t\t","protected":false},"excerpt":{"rendered":"<p>Pol\u00edtica de privacidad 1. INFORMACI\u00d3N AL USUARIO PABLO CARRON REBOREDO, con DNI 77418831A, en adelante RESPONSABLE, es el Responsable del tratamiento de los datos personales del Usuario y le informa que estos datos ser\u00e1n tratados de conformidad con lo dispuesto en el Reglamento (UE) 2016\/679 de 27 de abril (GDPR) y la Ley Org\u00e1nica 3\/2018 [&hellip;]<\/p>\n","protected":false},"author":1,"featured_media":0,"parent":0,"menu_order":102,"comment_status":"closed","ping_status":"closed","template":"","meta":{"footnotes":""},"class_list":["post-18705","page","type-page","status-publish","hentry"],"yoast_head":"<!-- This site is optimized with the Yoast SEO plugin v25.6 - https:\/\/yoast.com\/wordpress\/plugins\/seo\/ -->\n<title>Pol\u00edtica de privacidad - Agasallo Orixinal<\/title>\n<meta name=\"robots\" content=\"index, follow, max-snippet:-1, max-image-preview:large, max-video-preview:-1\" \/>\n<link rel=\"canonical\" href=\"https:\/\/agasallorixinal.com\/es\/politica-de-privacidad\/\" \/>\n<meta property=\"og:locale\" content=\"es_ES\" \/>\n<meta property=\"og:type\" content=\"article\" \/>\n<meta property=\"og:title\" content=\"Pol\u00edtica de privacidad - Agasallo Orixinal\" \/>\n<meta property=\"og:description\" content=\"Pol\u00edtica de privacidad 1. INFORMACI\u00d3N AL USUARIO PABLO CARRON REBOREDO, con DNI 77418831A, en adelante RESPONSABLE, es el Responsable del tratamiento de los datos personales del Usuario y le informa que estos datos ser\u00e1n tratados de conformidad con lo dispuesto en el Reglamento (UE) 2016\/679 de 27 de abril (GDPR) y la Ley Org\u00e1nica 3\/2018 [&hellip;]\" \/>\n<meta property=\"og:url\" content=\"https:\/\/agasallorixinal.com\/es\/politica-de-privacidad\/\" \/>\n<meta property=\"og:site_name\" content=\"Agasallo Orixinal\" \/>\n<meta property=\"article:modified_time\" content=\"2025-04-02T08:53:52+00:00\" \/>\n<meta name=\"twitter:card\" content=\"summary_large_image\" \/>\n<meta name=\"twitter:label1\" content=\"Tiempo de lectura\" \/>\n\t<meta name=\"twitter:data1\" content=\"11 minutos\" \/>\n<script type=\"application\/ld+json\" class=\"yoast-schema-graph\">{\"@context\":\"https:\/\/schema.org\",\"@graph\":[{\"@type\":\"WebPage\",\"@id\":\"https:\/\/agasallorixinal.com\/es\/politica-de-privacidad\/\",\"url\":\"https:\/\/agasallorixinal.com\/es\/politica-de-privacidad\/\",\"name\":\"Pol\u00edtica de privacidad - Agasallo Orixinal\",\"isPartOf\":{\"@id\":\"https:\/\/agasallorixinal.com\/es\/#website\"},\"datePublished\":\"2025-02-05T08:40:01+00:00\",\"dateModified\":\"2025-04-02T08:53:52+00:00\",\"breadcrumb\":{\"@id\":\"https:\/\/agasallorixinal.com\/es\/politica-de-privacidad\/#breadcrumb\"},\"inLanguage\":\"es\",\"potentialAction\":[{\"@type\":\"ReadAction\",\"target\":[\"https:\/\/agasallorixinal.com\/es\/politica-de-privacidad\/\"]}]},{\"@type\":\"BreadcrumbList\",\"@id\":\"https:\/\/agasallorixinal.com\/es\/politica-de-privacidad\/#breadcrumb\",\"itemListElement\":[{\"@type\":\"ListItem\",\"position\":1,\"name\":\"Inicio\",\"item\":\"https:\/\/agasallorixinal.com\/es\/\"},{\"@type\":\"ListItem\",\"position\":2,\"name\":\"Pol\u00edtica de privacidad\"}]},{\"@type\":\"WebSite\",\"@id\":\"https:\/\/agasallorixinal.com\/es\/#website\",\"url\":\"https:\/\/agasallorixinal.com\/es\/\",\"name\":\"Agasallo Orixinal\",\"description\":\"\",\"publisher\":{\"@id\":\"https:\/\/agasallorixinal.com\/es\/#organization\"},\"potentialAction\":[{\"@type\":\"SearchAction\",\"target\":{\"@type\":\"EntryPoint\",\"urlTemplate\":\"https:\/\/agasallorixinal.com\/es\/?s={search_term_string}\"},\"query-input\":{\"@type\":\"PropertyValueSpecification\",\"valueRequired\":true,\"valueName\":\"search_term_string\"}}],\"inLanguage\":\"es\"},{\"@type\":\"Organization\",\"@id\":\"https:\/\/agasallorixinal.com\/es\/#organization\",\"name\":\"Agasallo Orixinal\",\"url\":\"https:\/\/agasallorixinal.com\/es\/\",\"logo\":{\"@type\":\"ImageObject\",\"inLanguage\":\"es\",\"@id\":\"https:\/\/agasallorixinal.com\/es\/#\/schema\/logo\/image\/\",\"url\":\"https:\/\/agasallorixinal.com\/wp-content\/uploads\/2024\/06\/logo_agasallorixinal_green.jpg\",\"contentUrl\":\"https:\/\/agasallorixinal.com\/wp-content\/uploads\/2024\/06\/logo_agasallorixinal_green.jpg\",\"width\":500,\"height\":500,\"caption\":\"Agasallo Orixinal\"},\"image\":{\"@id\":\"https:\/\/agasallorixinal.com\/es\/#\/schema\/logo\/image\/\"}}]}<\/script>\n<!-- \/ Yoast SEO plugin. -->","yoast_head_json":{"title":"Pol\u00edtica de privacidad - Agasallo Orixinal","robots":{"index":"index","follow":"follow","max-snippet":"max-snippet:-1","max-image-preview":"max-image-preview:large","max-video-preview":"max-video-preview:-1"},"canonical":"https:\/\/agasallorixinal.com\/es\/politica-de-privacidad\/","og_locale":"es_ES","og_type":"article","og_title":"Pol\u00edtica de privacidad - Agasallo Orixinal","og_description":"Pol\u00edtica de privacidad 1. INFORMACI\u00d3N AL USUARIO PABLO CARRON REBOREDO, con DNI 77418831A, en adelante RESPONSABLE, es el Responsable del tratamiento de los datos personales del Usuario y le informa que estos datos ser\u00e1n tratados de conformidad con lo dispuesto en el Reglamento (UE) 2016\/679 de 27 de abril (GDPR) y la Ley Org\u00e1nica 3\/2018 [&hellip;]","og_url":"https:\/\/agasallorixinal.com\/es\/politica-de-privacidad\/","og_site_name":"Agasallo Orixinal","article_modified_time":"2025-04-02T08:53:52+00:00","twitter_card":"summary_large_image","twitter_misc":{"Tiempo de lectura":"11 minutos"},"schema":{"@context":"https:\/\/schema.org","@graph":[{"@type":"WebPage","@id":"https:\/\/agasallorixinal.com\/es\/politica-de-privacidad\/","url":"https:\/\/agasallorixinal.com\/es\/politica-de-privacidad\/","name":"Pol\u00edtica de privacidad - Agasallo Orixinal","isPartOf":{"@id":"https:\/\/agasallorixinal.com\/es\/#website"},"datePublished":"2025-02-05T08:40:01+00:00","dateModified":"2025-04-02T08:53:52+00:00","breadcrumb":{"@id":"https:\/\/agasallorixinal.com\/es\/politica-de-privacidad\/#breadcrumb"},"inLanguage":"es","potentialAction":[{"@type":"ReadAction","target":["https:\/\/agasallorixinal.com\/es\/politica-de-privacidad\/"]}]},{"@type":"BreadcrumbList","@id":"https:\/\/agasallorixinal.com\/es\/politica-de-privacidad\/#breadcrumb","itemListElement":[{"@type":"ListItem","position":1,"name":"Inicio","item":"https:\/\/agasallorixinal.com\/es\/"},{"@type":"ListItem","position":2,"name":"Pol\u00edtica de privacidad"}]},{"@type":"WebSite","@id":"https:\/\/agasallorixinal.com\/es\/#website","url":"https:\/\/agasallorixinal.com\/es\/","name":"Agasallo Orixinal","description":"","publisher":{"@id":"https:\/\/agasallorixinal.com\/es\/#organization"},"potentialAction":[{"@type":"SearchAction","target":{"@type":"EntryPoint","urlTemplate":"https:\/\/agasallorixinal.com\/es\/?s={search_term_string}"},"query-input":{"@type":"PropertyValueSpecification","valueRequired":true,"valueName":"search_term_string"}}],"inLanguage":"es"},{"@type":"Organization","@id":"https:\/\/agasallorixinal.com\/es\/#organization","name":"Agasallo Orixinal","url":"https:\/\/agasallorixinal.com\/es\/","logo":{"@type":"ImageObject","inLanguage":"es","@id":"https:\/\/agasallorixinal.com\/es\/#\/schema\/logo\/image\/","url":"https:\/\/agasallorixinal.com\/wp-content\/uploads\/2024\/06\/logo_agasallorixinal_green.jpg","contentUrl":"https:\/\/agasallorixinal.com\/wp-content\/uploads\/2024\/06\/logo_agasallorixinal_green.jpg","width":500,"height":500,"caption":"Agasallo Orixinal"},"image":{"@id":"https:\/\/agasallorixinal.com\/es\/#\/schema\/logo\/image\/"}}]}},"_links":{"self":[{"href":"https:\/\/agasallorixinal.com\/es\/wp-json\/wp\/v2\/pages\/18705","targetHints":{"allow":["GET"]}}],"collection":[{"href":"https:\/\/agasallorixinal.com\/es\/wp-json\/wp\/v2\/pages"}],"about":[{"href":"https:\/\/agasallorixinal.com\/es\/wp-json\/wp\/v2\/types\/page"}],"author":[{"embeddable":true,"href":"https:\/\/agasallorixinal.com\/es\/wp-json\/wp\/v2\/users\/1"}],"replies":[{"embeddable":true,"href":"https:\/\/agasallorixinal.com\/es\/wp-json\/wp\/v2\/comments?post=18705"}],"version-history":[{"count":1,"href":"https:\/\/agasallorixinal.com\/es\/wp-json\/wp\/v2\/pages\/18705\/revisions"}],"predecessor-version":[{"id":18706,"href":"https:\/\/agasallorixinal.com\/es\/wp-json\/wp\/v2\/pages\/18705\/revisions\/18706"}],"wp:attachment":[{"href":"https:\/\/agasallorixinal.com\/es\/wp-json\/wp\/v2\/media?parent=18705"}],"curies":[{"name":"wp","href":"https:\/\/api.w.org\/{rel}","templated":true}]}}