{"id":18707,"date":"2025-02-05T09:42:19","date_gmt":"2025-02-05T08:42:19","guid":{"rendered":"https:\/\/agasallorixinal.com\/politica-de-cookies-2\/"},"modified":"2025-04-02T10:55:44","modified_gmt":"2025-04-02T08:55:44","slug":"politica-de-cookies-2","status":"publish","type":"page","link":"https:\/\/agasallorixinal.com\/es\/politica-de-cookies-2\/","title":{"rendered":"Pol\u00edtica de cookies"},"content":{"rendered":"\t\t<div data-elementor-type=\"wp-page\" data-elementor-id=\"18707\" class=\"elementor elementor-18707 elementor-17310\">\n\t\t\t\t<div class=\"elementor-element elementor-element-4f836163 e-flex e-con-boxed e-con e-parent\" data-id=\"4f836163\" data-element_type=\"container\">\n\t\t\t\t\t<div class=\"e-con-inner\">\n\t\t\t\t<div class=\"elementor-element elementor-element-264d5f6a elementor-widget elementor-widget-text-editor\" data-id=\"264d5f6a\" data-element_type=\"widget\" data-widget_type=\"text-editor.default\">\n\t\t\t\t<div class=\"elementor-widget-container\">\n\t\t\t\t\t\t\t\t\t<p><style>\n    a.cky-banner-element {<br \/>\n        padding: 8px 30px;<br \/>\n        background: #F8F9FA;<br \/>\n        color: #858A8F;<br \/>\n        border: 1px solid #DEE2E6;<br \/>\n        box-sizing: border-box;<br \/>\n        border-radius: 2px;<br \/>\n        cursor: pointer;<br \/>\n}<br \/>\n<\/style><\/p>\n<h1 class=\"cookie-policy-h1\">Pol\u00edtica de cookies<\/h1>\n<p>Fecha de entrada en vigor: 05-feb-2025<br>\u00daltima actualizaci\u00f3n: 05-feb-2025<\/p>\n<p> <\/p>\n<h5>\u00bfQu\u00e9 son las cookies?<\/h5>\n<div class=\"pol\u00edtica-cookie-p\">\n<p>Esta Pol\u00edtica de Cookies explica qu\u00e9 son las cookies y c\u00f3mo las usamos, los tipos de cookies que utilizamos, es decir, la informaci\u00f3n que recopilamos a trav\u00e9s de las cookies y c\u00f3mo se utiliza esa informaci\u00f3n, y c\u00f3mo administrar la configuraci\u00f3n de las cookies.<\/p>\n<p>Las cookies son peque\u00f1os archivos de texto que se utilizan para almacenar peque\u00f1os fragmentos de informaci\u00f3n. Se almacenan en su dispositivo cuando el sitio web se carga en su navegador. Estas cookies nos ayudan a hacer que el sitio web funcione correctamente, hacerlo m\u00e1s seguro, ofrecer una mejor experiencia de usuario, comprender c\u00f3mo funciona el sitio web y analizar qu\u00e9 funciona y d\u00f3nde necesita mejoras.  <\/p>\n<\/div>\n<p> <\/p>\n<h5>\u00bfC\u00f3mo utilizamos las cookies?<\/h5>\n<div class=\"pol\u00edtica-cookie-p\">\n<p>Como la mayor\u00eda de los servicios en l\u00ednea, nuestro sitio web utiliza cookies propias y de terceros para diversos fines. Las cookies de origen son principalmente necesarias para que el sitio web funcione correctamente y no recopilan ninguna informaci\u00f3n de identificaci\u00f3n personal. <\/p>\n<p>Las cookies de terceros que se utilizan en nuestro sitio web sirven principalmente para comprender c\u00f3mo funciona el sitio web, c\u00f3mo interact\u00faa con \u00e9l, mantener nuestros servicios seguros, mostrarle anuncios relevantes para usted y, en \u00faltima instancia, ofrecerle una mejor experiencia de usuario y ayudarle a acelerar sus futuras interacciones con nuestro sitio web.<\/p>\n<\/div>\n<p> <\/p>\n<h5>Tipos de cookies que utilizamos<\/h5>\n<div class=\"cky-audit-table-element\"> <\/div>\n<p> <\/p>\n<h5 style=\"margin-bottom: 20px;\">Administrar preferencias de cookies<\/h5>\n<p><a class=\"cky-banner-element\">Configuraci\u00f3n de cookies<\/a><\/p>\n<div>\n<p>Puede cambiar sus preferencias de cookies en cualquier momento haciendo clic en el bot\u00f3n de arriba. Esto le permitir\u00e1 volver a visitar el banner de consentimiento de cookies y cambiar sus preferencias o retirar su consentimiento inmediatamente. <\/p>\n<p>Adem\u00e1s de esto, los diferentes navegadores ofrecen diferentes m\u00e9todos para bloquear y eliminar las cookies utilizadas por los sitios web. Puede cambiar la configuraci\u00f3n de su navegador para bloquear\/eliminar las cookies. A continuaci\u00f3n encontrar\u00e1 enlaces a documentos de soporte sobre c\u00f3mo administrar y eliminar cookies de los principales navegadores web.  <\/p>\n<p>Chrome: <a href=\"https:\/\/support.google.com\/accounts\/answer\/32050\" target=\"_blank\" rel=\"noopener noreferrer\">https:\/\/support.google.com\/accounts\/answer\/32050<\/a><\/p>\n<p>Safari: <a href=\"https:\/\/support.apple.com\/en-in\/guide\/safari\/sfri11471\/mac\" target=\"_blank\" rel=\"noopener noreferrer\">https:\/\/support.apple.com\/en-in\/guide\/safari\/sfri11471\/mac<\/a><\/p>\n<p>Firefox: <a href=\"https:\/\/support.mozilla.org\/en-US\/kb\/clear-cookies-and-site-data-firefox?redirectslug=delete-cookies-remove-info-websites-stored&amp;redirectlocale=en-US\" target=\"_blank\" rel=\"noopener noreferrer\">https:\/\/support.mozilla.org\/en-US\/kb\/clear-cookies-and-site-data-firefox?redirectslug=delete-cookies-remove-info-websites-stored&amp;redirectlocale=en-US<\/a><\/p>\n<p>Internet Explorer: <a href=\"https:\/\/support.microsoft.com\/en-us\/topic\/how-to-delete-cookie-files-in-internet-explorer-bca9446f-d873-78de-77ba-d42645fa52fc\" target=\"_blank\" rel=\"noopener noreferrer\">https:\/\/support.microsoft.com\/en-us\/topic\/how-to-delete-cookie-files-in-internet-explorer-bca9446f-d873-78de-77ba-d42645fa52fc<\/a><\/p>\n<p>Se est\u00e1s a usar outro navegador web, visita os documentos de soporte oficiais do teu navegador.<\/p>\n<\/div>\t\t\t\t\t\t\t\t<\/div>\n\t\t\t\t<\/div>\n\t\t\t\t\t<\/div>\n\t\t\t\t<\/div>\n\t\t\t\t<\/div>\n\t\t","protected":false},"excerpt":{"rendered":"<p>Pol\u00edtica de cookies Fecha de entrada en vigor: 05-feb-2025\u00daltima actualizaci\u00f3n: 05-feb-2025 \u00bfQu\u00e9 son las cookies? Esta Pol\u00edtica de Cookies explica qu\u00e9 son las cookies y c\u00f3mo las usamos, los tipos de cookies que utilizamos, es decir, la informaci\u00f3n que recopilamos a trav\u00e9s de las cookies y c\u00f3mo se utiliza esa informaci\u00f3n, y c\u00f3mo administrar la [&hellip;]<\/p>\n","protected":false},"author":1,"featured_media":0,"parent":0,"menu_order":103,"comment_status":"closed","ping_status":"closed","template":"","meta":{"footnotes":""},"class_list":["post-18707","page","type-page","status-publish","hentry"],"yoast_head":"<!-- This site is optimized with the Yoast SEO plugin v25.6 - https:\/\/yoast.com\/wordpress\/plugins\/seo\/ -->\n<title>Pol\u00edtica de cookies - Agasallo Orixinal<\/title>\n<meta name=\"robots\" content=\"index, follow, max-snippet:-1, max-image-preview:large, max-video-preview:-1\" \/>\n<link rel=\"canonical\" href=\"https:\/\/agasallorixinal.com\/es\/politica-de-cookies-2\/\" \/>\n<meta property=\"og:locale\" content=\"es_ES\" \/>\n<meta property=\"og:type\" content=\"article\" \/>\n<meta property=\"og:title\" content=\"Pol\u00edtica de cookies - Agasallo Orixinal\" \/>\n<meta property=\"og:description\" content=\"Pol\u00edtica de cookies Fecha de entrada en vigor: 05-feb-2025\u00daltima actualizaci\u00f3n: 05-feb-2025 \u00bfQu\u00e9 son las cookies? Esta Pol\u00edtica de Cookies explica qu\u00e9 son las cookies y c\u00f3mo las usamos, los tipos de cookies que utilizamos, es decir, la informaci\u00f3n que recopilamos a trav\u00e9s de las cookies y c\u00f3mo se utiliza esa informaci\u00f3n, y c\u00f3mo administrar la [&hellip;]\" \/>\n<meta property=\"og:url\" content=\"https:\/\/agasallorixinal.com\/es\/politica-de-cookies-2\/\" \/>\n<meta property=\"og:site_name\" content=\"Agasallo Orixinal\" \/>\n<meta property=\"article:modified_time\" content=\"2025-04-02T08:55:44+00:00\" \/>\n<meta name=\"twitter:card\" content=\"summary_large_image\" \/>\n<meta name=\"twitter:label1\" content=\"Tiempo de lectura\" \/>\n\t<meta name=\"twitter:data1\" content=\"2 minutos\" \/>\n<script type=\"application\/ld+json\" class=\"yoast-schema-graph\">{\"@context\":\"https:\/\/schema.org\",\"@graph\":[{\"@type\":\"WebPage\",\"@id\":\"https:\/\/agasallorixinal.com\/es\/politica-de-cookies-2\/\",\"url\":\"https:\/\/agasallorixinal.com\/es\/politica-de-cookies-2\/\",\"name\":\"Pol\u00edtica de cookies - Agasallo Orixinal\",\"isPartOf\":{\"@id\":\"https:\/\/agasallorixinal.com\/es\/#website\"},\"datePublished\":\"2025-02-05T08:42:19+00:00\",\"dateModified\":\"2025-04-02T08:55:44+00:00\",\"breadcrumb\":{\"@id\":\"https:\/\/agasallorixinal.com\/es\/politica-de-cookies-2\/#breadcrumb\"},\"inLanguage\":\"es\",\"potentialAction\":[{\"@type\":\"ReadAction\",\"target\":[\"https:\/\/agasallorixinal.com\/es\/politica-de-cookies-2\/\"]}]},{\"@type\":\"BreadcrumbList\",\"@id\":\"https:\/\/agasallorixinal.com\/es\/politica-de-cookies-2\/#breadcrumb\",\"itemListElement\":[{\"@type\":\"ListItem\",\"position\":1,\"name\":\"Inicio\",\"item\":\"https:\/\/agasallorixinal.com\/es\/\"},{\"@type\":\"ListItem\",\"position\":2,\"name\":\"Pol\u00edtica de cookies\"}]},{\"@type\":\"WebSite\",\"@id\":\"https:\/\/agasallorixinal.com\/es\/#website\",\"url\":\"https:\/\/agasallorixinal.com\/es\/\",\"name\":\"Agasallo Orixinal\",\"description\":\"\",\"publisher\":{\"@id\":\"https:\/\/agasallorixinal.com\/es\/#organization\"},\"potentialAction\":[{\"@type\":\"SearchAction\",\"target\":{\"@type\":\"EntryPoint\",\"urlTemplate\":\"https:\/\/agasallorixinal.com\/es\/?s={search_term_string}\"},\"query-input\":{\"@type\":\"PropertyValueSpecification\",\"valueRequired\":true,\"valueName\":\"search_term_string\"}}],\"inLanguage\":\"es\"},{\"@type\":\"Organization\",\"@id\":\"https:\/\/agasallorixinal.com\/es\/#organization\",\"name\":\"Agasallo Orixinal\",\"url\":\"https:\/\/agasallorixinal.com\/es\/\",\"logo\":{\"@type\":\"ImageObject\",\"inLanguage\":\"es\",\"@id\":\"https:\/\/agasallorixinal.com\/es\/#\/schema\/logo\/image\/\",\"url\":\"https:\/\/agasallorixinal.com\/wp-content\/uploads\/2024\/06\/logo_agasallorixinal_green.jpg\",\"contentUrl\":\"https:\/\/agasallorixinal.com\/wp-content\/uploads\/2024\/06\/logo_agasallorixinal_green.jpg\",\"width\":500,\"height\":500,\"caption\":\"Agasallo Orixinal\"},\"image\":{\"@id\":\"https:\/\/agasallorixinal.com\/es\/#\/schema\/logo\/image\/\"}}]}<\/script>\n<!-- \/ Yoast SEO plugin. -->","yoast_head_json":{"title":"Pol\u00edtica de cookies - Agasallo Orixinal","robots":{"index":"index","follow":"follow","max-snippet":"max-snippet:-1","max-image-preview":"max-image-preview:large","max-video-preview":"max-video-preview:-1"},"canonical":"https:\/\/agasallorixinal.com\/es\/politica-de-cookies-2\/","og_locale":"es_ES","og_type":"article","og_title":"Pol\u00edtica de cookies - Agasallo Orixinal","og_description":"Pol\u00edtica de cookies Fecha de entrada en vigor: 05-feb-2025\u00daltima actualizaci\u00f3n: 05-feb-2025 \u00bfQu\u00e9 son las cookies? Esta Pol\u00edtica de Cookies explica qu\u00e9 son las cookies y c\u00f3mo las usamos, los tipos de cookies que utilizamos, es decir, la informaci\u00f3n que recopilamos a trav\u00e9s de las cookies y c\u00f3mo se utiliza esa informaci\u00f3n, y c\u00f3mo administrar la [&hellip;]","og_url":"https:\/\/agasallorixinal.com\/es\/politica-de-cookies-2\/","og_site_name":"Agasallo Orixinal","article_modified_time":"2025-04-02T08:55:44+00:00","twitter_card":"summary_large_image","twitter_misc":{"Tiempo de lectura":"2 minutos"},"schema":{"@context":"https:\/\/schema.org","@graph":[{"@type":"WebPage","@id":"https:\/\/agasallorixinal.com\/es\/politica-de-cookies-2\/","url":"https:\/\/agasallorixinal.com\/es\/politica-de-cookies-2\/","name":"Pol\u00edtica de cookies - Agasallo Orixinal","isPartOf":{"@id":"https:\/\/agasallorixinal.com\/es\/#website"},"datePublished":"2025-02-05T08:42:19+00:00","dateModified":"2025-04-02T08:55:44+00:00","breadcrumb":{"@id":"https:\/\/agasallorixinal.com\/es\/politica-de-cookies-2\/#breadcrumb"},"inLanguage":"es","potentialAction":[{"@type":"ReadAction","target":["https:\/\/agasallorixinal.com\/es\/politica-de-cookies-2\/"]}]},{"@type":"BreadcrumbList","@id":"https:\/\/agasallorixinal.com\/es\/politica-de-cookies-2\/#breadcrumb","itemListElement":[{"@type":"ListItem","position":1,"name":"Inicio","item":"https:\/\/agasallorixinal.com\/es\/"},{"@type":"ListItem","position":2,"name":"Pol\u00edtica de cookies"}]},{"@type":"WebSite","@id":"https:\/\/agasallorixinal.com\/es\/#website","url":"https:\/\/agasallorixinal.com\/es\/","name":"Agasallo Orixinal","description":"","publisher":{"@id":"https:\/\/agasallorixinal.com\/es\/#organization"},"potentialAction":[{"@type":"SearchAction","target":{"@type":"EntryPoint","urlTemplate":"https:\/\/agasallorixinal.com\/es\/?s={search_term_string}"},"query-input":{"@type":"PropertyValueSpecification","valueRequired":true,"valueName":"search_term_string"}}],"inLanguage":"es"},{"@type":"Organization","@id":"https:\/\/agasallorixinal.com\/es\/#organization","name":"Agasallo Orixinal","url":"https:\/\/agasallorixinal.com\/es\/","logo":{"@type":"ImageObject","inLanguage":"es","@id":"https:\/\/agasallorixinal.com\/es\/#\/schema\/logo\/image\/","url":"https:\/\/agasallorixinal.com\/wp-content\/uploads\/2024\/06\/logo_agasallorixinal_green.jpg","contentUrl":"https:\/\/agasallorixinal.com\/wp-content\/uploads\/2024\/06\/logo_agasallorixinal_green.jpg","width":500,"height":500,"caption":"Agasallo Orixinal"},"image":{"@id":"https:\/\/agasallorixinal.com\/es\/#\/schema\/logo\/image\/"}}]}},"_links":{"self":[{"href":"https:\/\/agasallorixinal.com\/es\/wp-json\/wp\/v2\/pages\/18707","targetHints":{"allow":["GET"]}}],"collection":[{"href":"https:\/\/agasallorixinal.com\/es\/wp-json\/wp\/v2\/pages"}],"about":[{"href":"https:\/\/agasallorixinal.com\/es\/wp-json\/wp\/v2\/types\/page"}],"author":[{"embeddable":true,"href":"https:\/\/agasallorixinal.com\/es\/wp-json\/wp\/v2\/users\/1"}],"replies":[{"embeddable":true,"href":"https:\/\/agasallorixinal.com\/es\/wp-json\/wp\/v2\/comments?post=18707"}],"version-history":[{"count":1,"href":"https:\/\/agasallorixinal.com\/es\/wp-json\/wp\/v2\/pages\/18707\/revisions"}],"predecessor-version":[{"id":18708,"href":"https:\/\/agasallorixinal.com\/es\/wp-json\/wp\/v2\/pages\/18707\/revisions\/18708"}],"wp:attachment":[{"href":"https:\/\/agasallorixinal.com\/es\/wp-json\/wp\/v2\/media?parent=18707"}],"curies":[{"name":"wp","href":"https:\/\/api.w.org\/{rel}","templated":true}]}}