{"id":18709,"date":"2024-06-13T11:28:37","date_gmt":"2024-06-13T09:28:37","guid":{"rendered":"https:\/\/agasallorixinal.com\/accesibilidad\/"},"modified":"2025-04-02T11:06:04","modified_gmt":"2025-04-02T09:06:04","slug":"accesibilidad","status":"publish","type":"page","link":"https:\/\/agasallorixinal.com\/es\/accesibilidad\/","title":{"rendered":"Accesibilidad"},"content":{"rendered":"\t\t<div data-elementor-type=\"wp-page\" data-elementor-id=\"18709\" class=\"elementor elementor-18709 elementor-3\">\n\t\t\t\t<div class=\"elementor-element elementor-element-4f836163 e-flex e-con-boxed e-con e-parent\" data-id=\"4f836163\" data-element_type=\"container\">\n\t\t\t\t\t<div class=\"e-con-inner\">\n\t\t\t\t<div class=\"elementor-element elementor-element-264d5f6a elementor-widget elementor-widget-text-editor\" data-id=\"264d5f6a\" data-element_type=\"widget\" data-widget_type=\"text-editor.default\">\n\t\t\t\t<div class=\"elementor-widget-container\">\n\t\t\t\t\t\t\t\t\t<h2>DECLARACI\u00d3N DE ACCESIBILIDAD<\/h2>\n<h4>https:\/\/agasallorixinal.com\/<\/h4>\n<h4>Estado de cumplimiento<\/h4>\n<p>Original Gift (en adelante, tambi\u00e9n Sitio Web) es parcialmente compatible con el Real Decreto 1112\/2018, de 7 de septiembre, por la falta de cumplimiento de los aspectos que se indican a continuaci\u00f3n.<\/p>\n<h4>Contenido no accesible<\/h4>\n<p>El contenido que se enumera a continuaci\u00f3n no es accesible por los siguientes motivos:<\/p>\n<ol>\n<li> <strong>Incumplimiento del RD 1112\/2018:<\/strong> Nuevo. Cumple el 100% de los criterios de accesibilidad web. <\/li>\n<li> <strong>Cargo desproporcionado:<\/strong> No aplica.<\/li>\n<li><strong> El contenido no est\u00e1 dentro del \u00e1mbito de aplicaci\u00f3n de la legislaci\u00f3n aplicable:<\/strong><\/li>\n<\/ol>\n<ul>\n<li>Es posible que existan archivos de ofim\u00e1tica en PDF y otros formatos publicados antes del 20 de septiembre de 2018 que no cumplan totalmente con todos los requisitos de accesibilidad. Aunque se han realizado esfuerzos para garantizar que la mayor\u00eda de ellos cumplan. <\/li>\n<li>Puede existir contenido de terceros que no est\u00e9 desarrollado en esta Unidad ni bajo su control, como im\u00e1genes, mapas interactivos, v\u00eddeos, documentos, reproductores, etc.<\/li>\n<li>Es posible que haya archivos pregrabados publicados antes del 20 de septiembre de 2018 que no cumplan totalmente con todos los requisitos de accesibilidad.<\/li>\n<li>Partes o la totalidad del sitio web pueden estar creadas con un CMS (WordPress, Shopify, PrestaShop, etc.), por lo que debido a alguna actualizaci\u00f3n o cambio en los sistemas, no todo el contenido generado o autogenerado puede cumplir con todas las normativas de accesibilidad.<\/li>\n<\/ul>\n<h4>Elaboraci\u00f3n de esta declaraci\u00f3n de accesibilidad<\/h4>\n<p>Esta declaraci\u00f3n fue preparada el 02\/10\/2025<\/p>\n<p>El m\u00e9todo utilizado para elaborar la declaraci\u00f3n fue una autoevaluaci\u00f3n realizada por la propia empresa.<\/p>\n<p>\u00daltima revisi\u00f3n de la declaraci\u00f3n: 10\/02\/2025<\/p>\n<h4>Observaciones y datos de contacto<\/h4>\n<p>Podr\u00e1s realizar comunicaciones sobre requisitos de accesibilidad (art\u00edculo 10.2.a del Real Decreto 1112\/2018, de 7 de septiembre) como, por ejemplo:<\/p>\n<ul>\n<li>Reportar cualquier posible infracci\u00f3n de este sitio web.<\/li>\n<li>Transmitir otras dificultades de acceso a contenidos.<\/li>\n<li>Realizar cualquier otra consulta o sugerencia de mejora respecto a la accesibilidad del sitio web.<\/li>\n<\/ul>\n<p>A trav\u00e9s de las siguientes v\u00edas:<\/p>\n<ul>\n<li>Correo electr\u00f3nico: regalarixinal@gmail.com<\/li>\n<li>Tel\u00e9fono: 620 90 97 22<\/li>\n<\/ul>\n<p>De acuerdo con el art\u00edculo 10.2.b del RD 1112\/2018, tambi\u00e9n podr\u00e1 presentar:<\/p>\n<ul>\n<li>Reclamaci\u00f3n relativa al cumplimiento de los requisitos del RD 1112\/2018.<\/li>\n<li>Una solicitud de informaci\u00f3n accesible relativa a:\n<ul>\n<li>Contenidos que quedan excluidos del \u00e1mbito de aplicaci\u00f3n del RD 1112\/2018 seg\u00fan lo establecido en el art\u00edculo 3, n\u00famero 4.<\/li>\n<li>Contidos que est\u00e1n exentos do cumprimento dos requisitos de accesibilidade por impor unha carga desproporcionada.<\/li>\n<\/ul>\n<\/li>\n<\/ul>\n<p>En la Solicitud de Informaci\u00f3n Accesible se deber\u00e1n especificar, con total claridad, los hechos, motivos y petici\u00f3n que permitan establecer que se trata de una solicitud razonable y leg\u00edtima.<\/p>\n<p>Las comunicaciones ser\u00e1n recibidas y tratadas por la direcci\u00f3n de la empresa, como unidad responsable de los contenidos de este sitio web.<\/p>\n<h4>Contenido opcional<\/h4>\n<p>La versi\u00f3n actualmente visible de este sitio web es del 02\/10\/2025 y en esa fecha se revis\u00f3 el nivel actual de accesibilidad.<\/p>\n<p>A partir de esa fecha, se realizan diariamente revisiones parciales de los contenidos web nuevos o modificados, tanto de las tablas de corredores como de las p\u00e1ginas y documentos finales publicados, con el fin de asegurar el cumplimiento de los requisitos de accesibilidad de la Norma UNE-EN 301549:2022, considerando las excepciones del Real Decreto 1112\/2018, de 7 de septiembre.<\/p>\n<p>Entre otras, se adoptan las siguientes medidas para facilitar la accesibilidad:<\/p>\n<ul>\n<li>Uso de texto alternativo en im\u00e1genes.<\/li>\n<li>Los enlaces proporcionan detalles de la funci\u00f3n o el destino del hiperv\u00ednculo.<\/li>\n<li>Uso de est\u00e1ndares W3C: XHTML 1.0, CSS 3.0, WAI AA.<\/li>\n<\/ul>\n<h4>Compatibilidad<\/h4>\n<p>El sitio web:<\/p>\n<ul>\n<li>Fue dise\u00f1ado para adaptarse a los est\u00e1ndares y normativas actuales en materia de accesibilidad, cumpliendo con los puntos de control de prioridad 2 (AA) definidos en la especificaci\u00f3n Web Content Accessibility Guidelines (WCAG 2.1).<\/li>\n<li>est\u00e1 optimizado para las \u00faltimas versiones actuales de Chrome, Edge, Firefox, Safari y Opera<\/li>\n<li>Est\u00e1 dise\u00f1ado para una correcta visualizaci\u00f3n en cualquier resoluci\u00f3n y en ordenador, tablet o dispositivo m\u00f3vil (dise\u00f1o responsive).<\/li>\n<li>Fue realizado utilizando HTML5 como lenguaje de marcado y hojas de estilo CSS 3 para su dise\u00f1o.<\/li>\n<\/ul>\n<p>Adem\u00e1s, se realiza un trabajo continuo de auditor\u00eda y revisi\u00f3n de contenidos para facilitar su interpretaci\u00f3n y mejorar la navegaci\u00f3n a trav\u00e9s del portal web.<\/p>\t\t\t\t\t\t\t\t<\/div>\n\t\t\t\t<\/div>\n\t\t\t\t\t<\/div>\n\t\t\t\t<\/div>\n\t\t\t\t<\/div>\n\t\t","protected":false},"excerpt":{"rendered":"<p>DECLARACI\u00d3N DE ACCESIBILIDAD https:\/\/agasallorixinal.com\/ Estado de cumplimiento Original Gift (en adelante, tambi\u00e9n Sitio Web) es parcialmente compatible con el Real Decreto 1112\/2018, de 7 de septiembre, por la falta de cumplimiento de los aspectos que se indican a continuaci\u00f3n. Contenido no accesible El contenido que se enumera a continuaci\u00f3n no es accesible por los siguientes [&hellip;]<\/p>\n","protected":false},"author":1,"featured_media":0,"parent":0,"menu_order":104,"comment_status":"closed","ping_status":"closed","template":"","meta":{"footnotes":""},"class_list":["post-18709","page","type-page","status-publish","hentry"],"yoast_head":"<!-- This site is optimized with the Yoast SEO plugin v25.6 - https:\/\/yoast.com\/wordpress\/plugins\/seo\/ -->\n<title>Accesibilidad - Agasallo Orixinal<\/title>\n<meta name=\"robots\" content=\"index, follow, max-snippet:-1, max-image-preview:large, max-video-preview:-1\" \/>\n<link rel=\"canonical\" href=\"https:\/\/agasallorixinal.com\/es\/accesibilidad\/\" \/>\n<meta property=\"og:locale\" content=\"es_ES\" \/>\n<meta property=\"og:type\" content=\"article\" \/>\n<meta property=\"og:title\" content=\"Accesibilidad - Agasallo Orixinal\" \/>\n<meta property=\"og:description\" content=\"DECLARACI\u00d3N DE ACCESIBILIDAD https:\/\/agasallorixinal.com\/ Estado de cumplimiento Original Gift (en adelante, tambi\u00e9n Sitio Web) es parcialmente compatible con el Real Decreto 1112\/2018, de 7 de septiembre, por la falta de cumplimiento de los aspectos que se indican a continuaci\u00f3n. Contenido no accesible El contenido que se enumera a continuaci\u00f3n no es accesible por los siguientes [&hellip;]\" \/>\n<meta property=\"og:url\" content=\"https:\/\/agasallorixinal.com\/es\/accesibilidad\/\" \/>\n<meta property=\"og:site_name\" content=\"Agasallo Orixinal\" \/>\n<meta property=\"article:modified_time\" content=\"2025-04-02T09:06:04+00:00\" \/>\n<meta name=\"twitter:card\" content=\"summary_large_image\" \/>\n<meta name=\"twitter:label1\" content=\"Tiempo de lectura\" \/>\n\t<meta name=\"twitter:data1\" content=\"4 minutos\" \/>\n<script type=\"application\/ld+json\" class=\"yoast-schema-graph\">{\"@context\":\"https:\/\/schema.org\",\"@graph\":[{\"@type\":\"WebPage\",\"@id\":\"https:\/\/agasallorixinal.com\/es\/accesibilidad\/\",\"url\":\"https:\/\/agasallorixinal.com\/es\/accesibilidad\/\",\"name\":\"Accesibilidad - Agasallo Orixinal\",\"isPartOf\":{\"@id\":\"https:\/\/agasallorixinal.com\/es\/#website\"},\"datePublished\":\"2024-06-13T09:28:37+00:00\",\"dateModified\":\"2025-04-02T09:06:04+00:00\",\"breadcrumb\":{\"@id\":\"https:\/\/agasallorixinal.com\/es\/accesibilidad\/#breadcrumb\"},\"inLanguage\":\"es\",\"potentialAction\":[{\"@type\":\"ReadAction\",\"target\":[\"https:\/\/agasallorixinal.com\/es\/accesibilidad\/\"]}]},{\"@type\":\"BreadcrumbList\",\"@id\":\"https:\/\/agasallorixinal.com\/es\/accesibilidad\/#breadcrumb\",\"itemListElement\":[{\"@type\":\"ListItem\",\"position\":1,\"name\":\"Inicio\",\"item\":\"https:\/\/agasallorixinal.com\/es\/\"},{\"@type\":\"ListItem\",\"position\":2,\"name\":\"Accesibilidad\"}]},{\"@type\":\"WebSite\",\"@id\":\"https:\/\/agasallorixinal.com\/es\/#website\",\"url\":\"https:\/\/agasallorixinal.com\/es\/\",\"name\":\"Agasallo Orixinal\",\"description\":\"\",\"publisher\":{\"@id\":\"https:\/\/agasallorixinal.com\/es\/#organization\"},\"potentialAction\":[{\"@type\":\"SearchAction\",\"target\":{\"@type\":\"EntryPoint\",\"urlTemplate\":\"https:\/\/agasallorixinal.com\/es\/?s={search_term_string}\"},\"query-input\":{\"@type\":\"PropertyValueSpecification\",\"valueRequired\":true,\"valueName\":\"search_term_string\"}}],\"inLanguage\":\"es\"},{\"@type\":\"Organization\",\"@id\":\"https:\/\/agasallorixinal.com\/es\/#organization\",\"name\":\"Agasallo Orixinal\",\"url\":\"https:\/\/agasallorixinal.com\/es\/\",\"logo\":{\"@type\":\"ImageObject\",\"inLanguage\":\"es\",\"@id\":\"https:\/\/agasallorixinal.com\/es\/#\/schema\/logo\/image\/\",\"url\":\"https:\/\/agasallorixinal.com\/wp-content\/uploads\/2024\/06\/logo_agasallorixinal_green.jpg\",\"contentUrl\":\"https:\/\/agasallorixinal.com\/wp-content\/uploads\/2024\/06\/logo_agasallorixinal_green.jpg\",\"width\":500,\"height\":500,\"caption\":\"Agasallo Orixinal\"},\"image\":{\"@id\":\"https:\/\/agasallorixinal.com\/es\/#\/schema\/logo\/image\/\"}}]}<\/script>\n<!-- \/ Yoast SEO plugin. -->","yoast_head_json":{"title":"Accesibilidad - Agasallo Orixinal","robots":{"index":"index","follow":"follow","max-snippet":"max-snippet:-1","max-image-preview":"max-image-preview:large","max-video-preview":"max-video-preview:-1"},"canonical":"https:\/\/agasallorixinal.com\/es\/accesibilidad\/","og_locale":"es_ES","og_type":"article","og_title":"Accesibilidad - Agasallo Orixinal","og_description":"DECLARACI\u00d3N DE ACCESIBILIDAD https:\/\/agasallorixinal.com\/ Estado de cumplimiento Original Gift (en adelante, tambi\u00e9n Sitio Web) es parcialmente compatible con el Real Decreto 1112\/2018, de 7 de septiembre, por la falta de cumplimiento de los aspectos que se indican a continuaci\u00f3n. Contenido no accesible El contenido que se enumera a continuaci\u00f3n no es accesible por los siguientes [&hellip;]","og_url":"https:\/\/agasallorixinal.com\/es\/accesibilidad\/","og_site_name":"Agasallo Orixinal","article_modified_time":"2025-04-02T09:06:04+00:00","twitter_card":"summary_large_image","twitter_misc":{"Tiempo de lectura":"4 minutos"},"schema":{"@context":"https:\/\/schema.org","@graph":[{"@type":"WebPage","@id":"https:\/\/agasallorixinal.com\/es\/accesibilidad\/","url":"https:\/\/agasallorixinal.com\/es\/accesibilidad\/","name":"Accesibilidad - Agasallo Orixinal","isPartOf":{"@id":"https:\/\/agasallorixinal.com\/es\/#website"},"datePublished":"2024-06-13T09:28:37+00:00","dateModified":"2025-04-02T09:06:04+00:00","breadcrumb":{"@id":"https:\/\/agasallorixinal.com\/es\/accesibilidad\/#breadcrumb"},"inLanguage":"es","potentialAction":[{"@type":"ReadAction","target":["https:\/\/agasallorixinal.com\/es\/accesibilidad\/"]}]},{"@type":"BreadcrumbList","@id":"https:\/\/agasallorixinal.com\/es\/accesibilidad\/#breadcrumb","itemListElement":[{"@type":"ListItem","position":1,"name":"Inicio","item":"https:\/\/agasallorixinal.com\/es\/"},{"@type":"ListItem","position":2,"name":"Accesibilidad"}]},{"@type":"WebSite","@id":"https:\/\/agasallorixinal.com\/es\/#website","url":"https:\/\/agasallorixinal.com\/es\/","name":"Agasallo Orixinal","description":"","publisher":{"@id":"https:\/\/agasallorixinal.com\/es\/#organization"},"potentialAction":[{"@type":"SearchAction","target":{"@type":"EntryPoint","urlTemplate":"https:\/\/agasallorixinal.com\/es\/?s={search_term_string}"},"query-input":{"@type":"PropertyValueSpecification","valueRequired":true,"valueName":"search_term_string"}}],"inLanguage":"es"},{"@type":"Organization","@id":"https:\/\/agasallorixinal.com\/es\/#organization","name":"Agasallo Orixinal","url":"https:\/\/agasallorixinal.com\/es\/","logo":{"@type":"ImageObject","inLanguage":"es","@id":"https:\/\/agasallorixinal.com\/es\/#\/schema\/logo\/image\/","url":"https:\/\/agasallorixinal.com\/wp-content\/uploads\/2024\/06\/logo_agasallorixinal_green.jpg","contentUrl":"https:\/\/agasallorixinal.com\/wp-content\/uploads\/2024\/06\/logo_agasallorixinal_green.jpg","width":500,"height":500,"caption":"Agasallo Orixinal"},"image":{"@id":"https:\/\/agasallorixinal.com\/es\/#\/schema\/logo\/image\/"}}]}},"_links":{"self":[{"href":"https:\/\/agasallorixinal.com\/es\/wp-json\/wp\/v2\/pages\/18709","targetHints":{"allow":["GET"]}}],"collection":[{"href":"https:\/\/agasallorixinal.com\/es\/wp-json\/wp\/v2\/pages"}],"about":[{"href":"https:\/\/agasallorixinal.com\/es\/wp-json\/wp\/v2\/types\/page"}],"author":[{"embeddable":true,"href":"https:\/\/agasallorixinal.com\/es\/wp-json\/wp\/v2\/users\/1"}],"replies":[{"embeddable":true,"href":"https:\/\/agasallorixinal.com\/es\/wp-json\/wp\/v2\/comments?post=18709"}],"version-history":[{"count":1,"href":"https:\/\/agasallorixinal.com\/es\/wp-json\/wp\/v2\/pages\/18709\/revisions"}],"predecessor-version":[{"id":18710,"href":"https:\/\/agasallorixinal.com\/es\/wp-json\/wp\/v2\/pages\/18709\/revisions\/18710"}],"wp:attachment":[{"href":"https:\/\/agasallorixinal.com\/es\/wp-json\/wp\/v2\/media?parent=18709"}],"curies":[{"name":"wp","href":"https:\/\/api.w.org\/{rel}","templated":true}]}}