{"id":18711,"date":"2024-11-26T18:26:27","date_gmt":"2024-11-26T17:26:27","guid":{"rendered":"https:\/\/agasallorixinal.com\/terminos-y-condiciones\/"},"modified":"2025-04-02T11:38:54","modified_gmt":"2025-04-02T09:38:54","slug":"terminos-y-condiciones","status":"publish","type":"page","link":"https:\/\/agasallorixinal.com\/es\/terminos-y-condiciones\/","title":{"rendered":"T\u00e9rminos y condiciones"},"content":{"rendered":"\t\t<div data-elementor-type=\"wp-page\" data-elementor-id=\"18711\" class=\"elementor elementor-18711 elementor-17019\">\n\t\t\t\t<div class=\"elementor-element elementor-element-4f836163 e-flex e-con-boxed e-con e-parent\" data-id=\"4f836163\" data-element_type=\"container\">\n\t\t\t\t\t<div class=\"e-con-inner\">\n\t\t\t\t<div class=\"elementor-element elementor-element-264d5f6a elementor-widget elementor-widget-text-editor\" data-id=\"264d5f6a\" data-element_type=\"widget\" data-widget_type=\"text-editor.default\">\n\t\t\t\t<div class=\"elementor-widget-container\">\n\t\t\t\t\t\t\t\t\t<p><strong>Cambios y devoluciones<\/strong><\/p><p>AL SER PRODUCTOS PERSONALIZADOS Y DE FABRICACI\u00d3N PROPIA, NO SE ACEPTAN CAMBIOS NI DEVOLUCIONES, SALVO POR DEFECTOS ATRIBUIDOS A NUESTRO PROCESO DE FABRICACI\u00d3N.<\/p><p>Para cualquier problema con tu pedido debes enviarnos un correo a aghaetorixinal@gmail.com y decirnos:<\/p><p>El problema con el pedido (si es posible, adjuntar im\u00e1genes)<br>Cualquiera de la siguiente informaci\u00f3n: Nombre completo, direcci\u00f3n de correo electr\u00f3nico con la que realiz\u00f3 el pedido o n\u00famero de pedido.<\/p><p>Cuando recibamos el correo electr\u00f3nico nos pondremos en contacto con usted.<\/p><p>Cuando se env\u00ede un boceto preliminar en un pedido, su aceptaci\u00f3n implicar\u00e1 la aceptaci\u00f3n del pedido tal y como se env\u00eda el boceto, sin que exista derecho a reclamaci\u00f3n por defecto en dicho trabajo.<\/p><p><strong>PROBLEMAS DE ENTREGA<\/strong><\/p><p>Si un pedido llega da\u00f1ado o falta alg\u00fan art\u00edculo, deber\u00e1s tomar fotos del embalaje y del producto y enviarlas a agasallorixinal@gmail.com en un plazo m\u00e1ximo de 24 horas naturales desde la recepci\u00f3n del pedido. En caso contrario no aceptaremos ning\u00fan tipo de reclamaci\u00f3n. <\/p><p>En este caso deber\u00e1s enviarnos un correo electr\u00f3nico a gealarixinal@gmail.com<\/p><p>Cu\u00e9ntanos qu\u00e9 pas\u00f3.<br>Foto para ver el defecto (tanto del producto como del embalaje).<br>Sus datos: nombre completo o n\u00famero de pedido.<\/p><p><strong>Env\u00edo<\/strong><\/p><p>Los env\u00edos se realizar\u00e1n A TIEMPO.<\/p><p>El precio total del env\u00edo aparece durante el proceso de pago, una vez a\u00f1adidos todos los productos al carrito de compra.<\/p><p><strong>Cosas a tener en cuenta.<\/strong><\/p><p>Los d\u00edas se contabilizar\u00e1n como laborables (de lunes a viernes).<br>Los plazos de entrega se calcular\u00e1n a partir del d\u00eda laborable siguiente a la realizaci\u00f3n del pedido.<br>Los tiempos de entrega estimados se indican para cada producto.<br>Los tiempos de env\u00edo pueden variar por causas ajenas a AGASALLORIXINAL.<br>Los paquetes que sean devueltos a AGASALLORIXINAL por no ser recogidos por el cliente no tendr\u00e1n derecho a la devoluci\u00f3n del pedido y deber\u00e1n abonar nuevos gastos de env\u00edo para el env\u00edo del pedido. Si hay alg\u00fan problema con el env\u00edo, por favor p\u00f3ngase en contacto con nosotros.<br>Si un pedido llega da\u00f1ado o falta alguna pieza, tendr\u00e1s que hacer fotos del embalaje y del producto y enviarlas a AGASALLORIXINAL@GMAIL.COM en un plazo m\u00e1ximo de 24 horas naturales desde la recepci\u00f3n del pedido.<br>El tiempo de entrega ser\u00e1 aproximadamente de 15 d\u00edas. <\/p><p><strong>M\u00e9todos de pago<\/strong><\/p><p>Le ofrecemos los siguientes m\u00e9todos de pago:<\/p><p>TARJETA DE CR\u00c9DITO<\/p><p>Los pagos con tarjeta de cr\u00e9dito se realizan a trav\u00e9s de la plataforma de pagos de Cecabank.<\/p><p>BIZUM<\/p><p>Bizum para pagar de forma sencilla, r\u00e1pida y segura desde tu m\u00f3vil.<\/p>\t\t\t\t\t\t\t\t<\/div>\n\t\t\t\t<\/div>\n\t\t\t\t\t<\/div>\n\t\t\t\t<\/div>\n\t\t\t\t<\/div>\n\t\t","protected":false},"excerpt":{"rendered":"<p>Cambios y devoluciones AL SER PRODUCTOS PERSONALIZADOS Y DE FABRICACI\u00d3N PROPIA, NO SE ACEPTAN CAMBIOS NI DEVOLUCIONES, SALVO POR DEFECTOS ATRIBUIDOS A NUESTRO PROCESO DE FABRICACI\u00d3N. Para cualquier problema con tu pedido debes enviarnos un correo a aghaetorixinal@gmail.com y decirnos: El problema con el pedido (si es posible, adjuntar im\u00e1genes)Cualquiera de la siguiente informaci\u00f3n: Nombre [&hellip;]<\/p>\n","protected":false},"author":1,"featured_media":0,"parent":0,"menu_order":105,"comment_status":"closed","ping_status":"closed","template":"","meta":{"footnotes":""},"class_list":["post-18711","page","type-page","status-publish","hentry"],"yoast_head":"<!-- This site is optimized with the Yoast SEO plugin v25.6 - https:\/\/yoast.com\/wordpress\/plugins\/seo\/ -->\n<title>T\u00e9rminos y condiciones - Agasallo Orixinal<\/title>\n<meta name=\"robots\" content=\"index, follow, max-snippet:-1, max-image-preview:large, max-video-preview:-1\" \/>\n<link rel=\"canonical\" href=\"https:\/\/agasallorixinal.com\/es\/terminos-y-condiciones\/\" \/>\n<meta property=\"og:locale\" content=\"es_ES\" \/>\n<meta property=\"og:type\" content=\"article\" \/>\n<meta property=\"og:title\" content=\"T\u00e9rminos y condiciones - Agasallo Orixinal\" \/>\n<meta property=\"og:description\" content=\"Cambios y devoluciones AL SER PRODUCTOS PERSONALIZADOS Y DE FABRICACI\u00d3N PROPIA, NO SE ACEPTAN CAMBIOS NI DEVOLUCIONES, SALVO POR DEFECTOS ATRIBUIDOS A NUESTRO PROCESO DE FABRICACI\u00d3N. Para cualquier problema con tu pedido debes enviarnos un correo a aghaetorixinal@gmail.com y decirnos: El problema con el pedido (si es posible, adjuntar im\u00e1genes)Cualquiera de la siguiente informaci\u00f3n: Nombre [&hellip;]\" \/>\n<meta property=\"og:url\" content=\"https:\/\/agasallorixinal.com\/es\/terminos-y-condiciones\/\" \/>\n<meta property=\"og:site_name\" content=\"Agasallo Orixinal\" \/>\n<meta property=\"article:modified_time\" content=\"2025-04-02T09:38:54+00:00\" \/>\n<meta name=\"twitter:card\" content=\"summary_large_image\" \/>\n<meta name=\"twitter:label1\" content=\"Tiempo de lectura\" \/>\n\t<meta name=\"twitter:data1\" content=\"2 minutos\" \/>\n<script type=\"application\/ld+json\" class=\"yoast-schema-graph\">{\"@context\":\"https:\/\/schema.org\",\"@graph\":[{\"@type\":\"WebPage\",\"@id\":\"https:\/\/agasallorixinal.com\/es\/terminos-y-condiciones\/\",\"url\":\"https:\/\/agasallorixinal.com\/es\/terminos-y-condiciones\/\",\"name\":\"T\u00e9rminos y condiciones - Agasallo Orixinal\",\"isPartOf\":{\"@id\":\"https:\/\/agasallorixinal.com\/es\/#website\"},\"datePublished\":\"2024-11-26T17:26:27+00:00\",\"dateModified\":\"2025-04-02T09:38:54+00:00\",\"breadcrumb\":{\"@id\":\"https:\/\/agasallorixinal.com\/es\/terminos-y-condiciones\/#breadcrumb\"},\"inLanguage\":\"es\",\"potentialAction\":[{\"@type\":\"ReadAction\",\"target\":[\"https:\/\/agasallorixinal.com\/es\/terminos-y-condiciones\/\"]}]},{\"@type\":\"BreadcrumbList\",\"@id\":\"https:\/\/agasallorixinal.com\/es\/terminos-y-condiciones\/#breadcrumb\",\"itemListElement\":[{\"@type\":\"ListItem\",\"position\":1,\"name\":\"Inicio\",\"item\":\"https:\/\/agasallorixinal.com\/es\/\"},{\"@type\":\"ListItem\",\"position\":2,\"name\":\"T\u00e9rminos y condiciones\"}]},{\"@type\":\"WebSite\",\"@id\":\"https:\/\/agasallorixinal.com\/es\/#website\",\"url\":\"https:\/\/agasallorixinal.com\/es\/\",\"name\":\"Agasallo Orixinal\",\"description\":\"\",\"publisher\":{\"@id\":\"https:\/\/agasallorixinal.com\/es\/#organization\"},\"potentialAction\":[{\"@type\":\"SearchAction\",\"target\":{\"@type\":\"EntryPoint\",\"urlTemplate\":\"https:\/\/agasallorixinal.com\/es\/?s={search_term_string}\"},\"query-input\":{\"@type\":\"PropertyValueSpecification\",\"valueRequired\":true,\"valueName\":\"search_term_string\"}}],\"inLanguage\":\"es\"},{\"@type\":\"Organization\",\"@id\":\"https:\/\/agasallorixinal.com\/es\/#organization\",\"name\":\"Agasallo Orixinal\",\"url\":\"https:\/\/agasallorixinal.com\/es\/\",\"logo\":{\"@type\":\"ImageObject\",\"inLanguage\":\"es\",\"@id\":\"https:\/\/agasallorixinal.com\/es\/#\/schema\/logo\/image\/\",\"url\":\"https:\/\/agasallorixinal.com\/wp-content\/uploads\/2024\/06\/logo_agasallorixinal_green.jpg\",\"contentUrl\":\"https:\/\/agasallorixinal.com\/wp-content\/uploads\/2024\/06\/logo_agasallorixinal_green.jpg\",\"width\":500,\"height\":500,\"caption\":\"Agasallo Orixinal\"},\"image\":{\"@id\":\"https:\/\/agasallorixinal.com\/es\/#\/schema\/logo\/image\/\"}}]}<\/script>\n<!-- \/ Yoast SEO plugin. -->","yoast_head_json":{"title":"T\u00e9rminos y condiciones - Agasallo Orixinal","robots":{"index":"index","follow":"follow","max-snippet":"max-snippet:-1","max-image-preview":"max-image-preview:large","max-video-preview":"max-video-preview:-1"},"canonical":"https:\/\/agasallorixinal.com\/es\/terminos-y-condiciones\/","og_locale":"es_ES","og_type":"article","og_title":"T\u00e9rminos y condiciones - Agasallo Orixinal","og_description":"Cambios y devoluciones AL SER PRODUCTOS PERSONALIZADOS Y DE FABRICACI\u00d3N PROPIA, NO SE ACEPTAN CAMBIOS NI DEVOLUCIONES, SALVO POR DEFECTOS ATRIBUIDOS A NUESTRO PROCESO DE FABRICACI\u00d3N. Para cualquier problema con tu pedido debes enviarnos un correo a aghaetorixinal@gmail.com y decirnos: El problema con el pedido (si es posible, adjuntar im\u00e1genes)Cualquiera de la siguiente informaci\u00f3n: Nombre [&hellip;]","og_url":"https:\/\/agasallorixinal.com\/es\/terminos-y-condiciones\/","og_site_name":"Agasallo Orixinal","article_modified_time":"2025-04-02T09:38:54+00:00","twitter_card":"summary_large_image","twitter_misc":{"Tiempo de lectura":"2 minutos"},"schema":{"@context":"https:\/\/schema.org","@graph":[{"@type":"WebPage","@id":"https:\/\/agasallorixinal.com\/es\/terminos-y-condiciones\/","url":"https:\/\/agasallorixinal.com\/es\/terminos-y-condiciones\/","name":"T\u00e9rminos y condiciones - Agasallo Orixinal","isPartOf":{"@id":"https:\/\/agasallorixinal.com\/es\/#website"},"datePublished":"2024-11-26T17:26:27+00:00","dateModified":"2025-04-02T09:38:54+00:00","breadcrumb":{"@id":"https:\/\/agasallorixinal.com\/es\/terminos-y-condiciones\/#breadcrumb"},"inLanguage":"es","potentialAction":[{"@type":"ReadAction","target":["https:\/\/agasallorixinal.com\/es\/terminos-y-condiciones\/"]}]},{"@type":"BreadcrumbList","@id":"https:\/\/agasallorixinal.com\/es\/terminos-y-condiciones\/#breadcrumb","itemListElement":[{"@type":"ListItem","position":1,"name":"Inicio","item":"https:\/\/agasallorixinal.com\/es\/"},{"@type":"ListItem","position":2,"name":"T\u00e9rminos y condiciones"}]},{"@type":"WebSite","@id":"https:\/\/agasallorixinal.com\/es\/#website","url":"https:\/\/agasallorixinal.com\/es\/","name":"Agasallo Orixinal","description":"","publisher":{"@id":"https:\/\/agasallorixinal.com\/es\/#organization"},"potentialAction":[{"@type":"SearchAction","target":{"@type":"EntryPoint","urlTemplate":"https:\/\/agasallorixinal.com\/es\/?s={search_term_string}"},"query-input":{"@type":"PropertyValueSpecification","valueRequired":true,"valueName":"search_term_string"}}],"inLanguage":"es"},{"@type":"Organization","@id":"https:\/\/agasallorixinal.com\/es\/#organization","name":"Agasallo Orixinal","url":"https:\/\/agasallorixinal.com\/es\/","logo":{"@type":"ImageObject","inLanguage":"es","@id":"https:\/\/agasallorixinal.com\/es\/#\/schema\/logo\/image\/","url":"https:\/\/agasallorixinal.com\/wp-content\/uploads\/2024\/06\/logo_agasallorixinal_green.jpg","contentUrl":"https:\/\/agasallorixinal.com\/wp-content\/uploads\/2024\/06\/logo_agasallorixinal_green.jpg","width":500,"height":500,"caption":"Agasallo Orixinal"},"image":{"@id":"https:\/\/agasallorixinal.com\/es\/#\/schema\/logo\/image\/"}}]}},"_links":{"self":[{"href":"https:\/\/agasallorixinal.com\/es\/wp-json\/wp\/v2\/pages\/18711","targetHints":{"allow":["GET"]}}],"collection":[{"href":"https:\/\/agasallorixinal.com\/es\/wp-json\/wp\/v2\/pages"}],"about":[{"href":"https:\/\/agasallorixinal.com\/es\/wp-json\/wp\/v2\/types\/page"}],"author":[{"embeddable":true,"href":"https:\/\/agasallorixinal.com\/es\/wp-json\/wp\/v2\/users\/1"}],"replies":[{"embeddable":true,"href":"https:\/\/agasallorixinal.com\/es\/wp-json\/wp\/v2\/comments?post=18711"}],"version-history":[{"count":1,"href":"https:\/\/agasallorixinal.com\/es\/wp-json\/wp\/v2\/pages\/18711\/revisions"}],"predecessor-version":[{"id":18712,"href":"https:\/\/agasallorixinal.com\/es\/wp-json\/wp\/v2\/pages\/18711\/revisions\/18712"}],"wp:attachment":[{"href":"https:\/\/agasallorixinal.com\/es\/wp-json\/wp\/v2\/media?parent=18711"}],"curies":[{"name":"wp","href":"https:\/\/api.w.org\/{rel}","templated":true}]}}