{"id":18619,"date":"2024-09-12T18:00:30","date_gmt":"2024-09-12T16:00:30","guid":{"rendered":"https:\/\/agasallorixinal.com\/tenda\/harmonica-de-madera-con-nombre\/"},"modified":"2025-04-02T10:01:51","modified_gmt":"2025-04-02T08:01:51","slug":"harmonica-de-madera-con-nombre","status":"publish","type":"product","link":"https:\/\/agasallorixinal.com\/es\/tenda\/harmonica-de-madera-con-nombre\/","title":{"rendered":"Arm\u00f3nica de madera con nombre"},"content":{"rendered":"\t\t<div data-elementor-type=\"wp-post\" data-elementor-id=\"18619\" class=\"elementor elementor-18619 elementor-16528\">\n\t\t\t\t<div class=\"elementor-element elementor-element-e70e2f1 e-flex e-con-boxed e-con e-parent\" data-id=\"e70e2f1\" data-element_type=\"container\">\n\t\t\t\t\t<div class=\"e-con-inner\">\n\t\t<div class=\"elementor-element elementor-element-c6bb39e e-con-full e-flex e-con e-child\" data-id=\"c6bb39e\" data-element_type=\"container\">\n\t\t\t\t<div class=\"elementor-element elementor-element-6bf23c9 elementor-widget elementor-widget-haru-heading\" data-id=\"6bf23c9\" data-element_type=\"widget\" data-widget_type=\"haru-heading.default\">\n\t\t\t\t<div class=\"elementor-widget-container\">\n\t\t\t\t\t<h2 class=\"haru-heading-title haru-heading-title--single-heading-1\">Consectetur a scelerisque<\/h2>\t\t\t\t<\/div>\n\t\t\t\t<\/div>\n\t\t\t\t<div class=\"elementor-element elementor-element-4ab279c elementor-widget elementor-widget-text-editor\" data-id=\"4ab279c\" data-element_type=\"widget\" data-widget_type=\"text-editor.default\">\n\t\t\t\t<div class=\"elementor-widget-container\">\n\t\t\t\t\t\t\t\t\t<p><a href=\"https:\/\/printspace.harutheme.com\/pet\/wp-content\/uploads\/2023\/07\/box-icon-21.svg\"><img decoding=\"async\" class=\"size-full wp-image-699 alignleft\" src=\"https:\/\/printspace.harutheme.com\/pet\/wp-content\/uploads\/2023\/07\/box-icon-21.svg\" alt=\"\" width=\"70\" height=\"70\"><\/a>Sed risus neque, sagittis sed pellente sque at, pharetra ut nunc. Phasellus id enim eget ante pellentesque pharetra. Phasellus et nisl urna. Integer nisl dui, efficitur in vopat sodales, tempor sed orci. Donec et euismod ipsum. Interdum et malesuada fames ac ante ipsum primis in faucibus.     <\/p><p>Etiam tincidunt dictum eros at porta. Phasellus gravida dolor in sem placerat sodales sagittis sed pellentesque at, pharetra ut nunc efficitur in vopat sodales enim eget ante pellentesque. <\/p>\t\t\t\t\t\t\t\t<\/div>\n\t\t\t\t<\/div>\n\t\t\t\t<\/div>\n\t\t<div class=\"elementor-element elementor-element-30e8b02 e-con-full e-flex e-con e-child\" data-id=\"30e8b02\" data-element_type=\"container\">\n\t\t\t\t<div class=\"elementor-element elementor-element-42a35e7 elementor-widget elementor-widget-haru-heading\" data-id=\"42a35e7\" data-element_type=\"widget\" data-widget_type=\"haru-heading.default\">\n\t\t\t\t<div class=\"elementor-widget-container\">\n\t\t\t\t\t<h2 class=\"haru-heading-title haru-heading-title--single-heading-1\">In pharetra turpis<\/h2>\t\t\t\t<\/div>\n\t\t\t\t<\/div>\n\t\t\t\t<div class=\"elementor-element elementor-element-61c6ea2 elementor-widget elementor-widget-text-editor\" data-id=\"61c6ea2\" data-element_type=\"widget\" data-widget_type=\"text-editor.default\">\n\t\t\t\t<div class=\"elementor-widget-container\">\n\t\t\t\t\t\t\t\t\tBuilt around a solid beech frame with legs in polished stainless steel. The Wing chair employs hand-finished stainless steel legs that are virtually maintenance free. CH445 works equally well in groups and on its own, and is best placed where its elegant design can be viewed from all sides.  \t\t\t\t\t\t\t\t<\/div>\n\t\t\t\t<\/div>\n\t\t\t\t<div class=\"elementor-element elementor-element-080bd05 elementor-widget elementor-widget-text-editor\" data-id=\"080bd05\" data-element_type=\"widget\" data-widget_type=\"text-editor.default\">\n\t\t\t\t<div class=\"elementor-widget-container\">\n\t\t\t\t\t\t\t\t\t<ul>\n \t<li>In pharetra turpis: 65.00 cm<\/li>\n \t<li>Aenean pulvinar lorem: 48 colors<\/li>\n \t<li>Vestibulum convallis: 2.53 m2<\/li>\n \t<li>Esticotine convallis: 8.96 m<\/li>\n<\/ul>\t\t\t\t\t\t\t\t<\/div>\n\t\t\t\t<\/div>\n\t\t\t\t<\/div>\n\t\t<div class=\"elementor-element elementor-element-fb52192 e-con-full e-flex e-con e-child\" data-id=\"fb52192\" data-element_type=\"container\">\n\t\t\t\t<div class=\"elementor-element elementor-element-214ee9a elementor-widget elementor-widget-haru-heading\" data-id=\"214ee9a\" data-element_type=\"widget\" data-widget_type=\"haru-heading.default\">\n\t\t\t\t<div class=\"elementor-widget-container\">\n\t\t\t\t\t<h2 class=\"haru-heading-title haru-heading-title--single-heading-1\">Pellentesque nec<\/h2>\t\t\t\t<\/div>\n\t\t\t\t<\/div>\n\t\t\t\t<div class=\"elementor-element elementor-element-18baef8 elementor-widget elementor-widget-text-editor\" data-id=\"18baef8\" data-element_type=\"widget\" data-widget_type=\"text-editor.default\">\n\t\t\t\t<div class=\"elementor-widget-container\">\n\t\t\t\t\t\t\t\t\t<ul>\n \t<li>Sed risus: pharetra ut nunc<\/li>\n \t<li>Phasellus id: enim eget ante pellentesque<\/li>\n \t<li>Integer nisl: euismod ipsum.<\/li>\n \t<li>Interdum et: malesuada fames ac ante ipsum<\/li>\n \t<li>Phasellus gravida: dolor in sem placerat sodales<\/li>\n<\/ul>\t\t\t\t\t\t\t\t<\/div>\n\t\t\t\t<\/div>\n\t\t\t\t<div class=\"elementor-element elementor-element-a4f09b3 elementor-widget elementor-widget-haru-heading\" data-id=\"a4f09b3\" data-element_type=\"widget\" data-widget_type=\"haru-heading.default\">\n\t\t\t\t<div class=\"elementor-widget-container\">\n\t\t\t\t\t<h2 class=\"haru-heading-title haru-heading-title--single-heading-1\">Etiam non augue<\/h2>\t\t\t\t<\/div>\n\t\t\t\t<\/div>\n\t\t\t\t<div class=\"elementor-element elementor-element-c94b26e elementor-widget elementor-widget-text-editor\" data-id=\"c94b26e\" data-element_type=\"widget\" data-widget_type=\"text-editor.default\">\n\t\t\t\t<div class=\"elementor-widget-container\">\n\t\t\t\t\t\t\t\t\t<p>Nullam id pires: 68.00 cm<\/p><p>Etiam non augue: 86.00 cm<\/p>\t\t\t\t\t\t\t\t<\/div>\n\t\t\t\t<\/div>\n\t\t\t\t<\/div>\n\t\t\t\t\t<\/div>\n\t\t\t\t<\/div>\n\t\t\t\t<\/div>\n\t\t","protected":false},"excerpt":{"rendered":"<p>Arm\u00f3nica con tapas fabricadas en resistente madera natural de pino. Con funda de presentaci\u00f3n y medidas 13&#215;2,10&#215;2,7cm<\/p>\n","protected":false},"featured_media":18069,"template":"","meta":[],"product_brand":[],"product_cat":[174,172],"product_tag":[],"class_list":{"0":"post-18619","1":"product","2":"type-product","3":"status-publish","4":"has-post-thumbnail","6":"product_cat-madera","7":"product_cat-regalos","9":"first","10":"instock","11":"taxable","12":"shipping-taxable","13":"purchasable","14":"product-type-simple","15":"add-to-wishlist-after_add_to_cart"},"yoast_head":"<!-- This site is optimized with the Yoast SEO plugin v25.6 - https:\/\/yoast.com\/wordpress\/plugins\/seo\/ -->\n<title>Arm\u00f3nica de madera con nombre - Agasallo Orixinal<\/title>\n<meta name=\"robots\" content=\"index, follow, max-snippet:-1, max-image-preview:large, max-video-preview:-1\" \/>\n<link rel=\"canonical\" href=\"https:\/\/agasallorixinal.com\/es\/tenda\/harmonica-de-madera-con-nombre\/\" \/>\n<meta property=\"og:locale\" content=\"es_ES\" \/>\n<meta property=\"og:type\" content=\"article\" \/>\n<meta property=\"og:title\" content=\"Arm\u00f3nica de madera con nombre - Agasallo Orixinal\" \/>\n<meta property=\"og:description\" content=\"Arm\u00f3nica con tapas fabricadas en resistente madera natural de pino. Con funda de presentaci\u00f3n y medidas 13x2,10x2,7cm\" \/>\n<meta property=\"og:url\" content=\"https:\/\/agasallorixinal.com\/es\/tenda\/harmonica-de-madera-con-nombre\/\" \/>\n<meta property=\"og:site_name\" content=\"Agasallo Orixinal\" \/>\n<meta property=\"article:modified_time\" content=\"2025-04-02T08:01:51+00:00\" \/>\n<meta property=\"og:image\" content=\"https:\/\/agasallorixinal.com\/wp-content\/uploads\/2024\/09\/ARMONICA-DE-MADERA-CON-NOMBRE-jpg.webp\" \/>\n\t<meta property=\"og:image:width\" content=\"765\" \/>\n\t<meta property=\"og:image:height\" content=\"1020\" \/>\n\t<meta property=\"og:image:type\" content=\"image\/jpeg\" \/>\n<meta name=\"twitter:card\" content=\"summary_large_image\" \/>\n<meta name=\"twitter:label1\" content=\"Tiempo de lectura\" \/>\n\t<meta name=\"twitter:data1\" content=\"1 minuto\" \/>\n<script type=\"application\/ld+json\" class=\"yoast-schema-graph\">{\"@context\":\"https:\/\/schema.org\",\"@graph\":[{\"@type\":\"WebPage\",\"@id\":\"https:\/\/agasallorixinal.com\/es\/tenda\/harmonica-de-madera-con-nombre\/\",\"url\":\"https:\/\/agasallorixinal.com\/es\/tenda\/harmonica-de-madera-con-nombre\/\",\"name\":\"Arm\u00f3nica de madera con nombre - Agasallo Orixinal\",\"isPartOf\":{\"@id\":\"https:\/\/agasallorixinal.com\/es\/#website\"},\"primaryImageOfPage\":{\"@id\":\"https:\/\/agasallorixinal.com\/es\/tenda\/harmonica-de-madera-con-nombre\/#primaryimage\"},\"image\":{\"@id\":\"https:\/\/agasallorixinal.com\/es\/tenda\/harmonica-de-madera-con-nombre\/#primaryimage\"},\"thumbnailUrl\":\"https:\/\/agasallorixinal.com\/wp-content\/uploads\/2024\/09\/ARMONICA-DE-MADERA-CON-NOMBRE-jpg.webp\",\"datePublished\":\"2024-09-12T16:00:30+00:00\",\"dateModified\":\"2025-04-02T08:01:51+00:00\",\"breadcrumb\":{\"@id\":\"https:\/\/agasallorixinal.com\/es\/tenda\/harmonica-de-madera-con-nombre\/#breadcrumb\"},\"inLanguage\":\"es\",\"potentialAction\":[{\"@type\":\"ReadAction\",\"target\":[\"https:\/\/agasallorixinal.com\/es\/tenda\/harmonica-de-madera-con-nombre\/\"]}]},{\"@type\":\"ImageObject\",\"inLanguage\":\"es\",\"@id\":\"https:\/\/agasallorixinal.com\/es\/tenda\/harmonica-de-madera-con-nombre\/#primaryimage\",\"url\":\"https:\/\/agasallorixinal.com\/wp-content\/uploads\/2024\/09\/ARMONICA-DE-MADERA-CON-NOMBRE-jpg.webp\",\"contentUrl\":\"https:\/\/agasallorixinal.com\/wp-content\/uploads\/2024\/09\/ARMONICA-DE-MADERA-CON-NOMBRE-jpg.webp\",\"width\":765,\"height\":1020},{\"@type\":\"BreadcrumbList\",\"@id\":\"https:\/\/agasallorixinal.com\/es\/tenda\/harmonica-de-madera-con-nombre\/#breadcrumb\",\"itemListElement\":[{\"@type\":\"ListItem\",\"position\":1,\"name\":\"Inicio\",\"item\":\"https:\/\/agasallorixinal.com\/es\/\"},{\"@type\":\"ListItem\",\"position\":2,\"name\":\"Tienda\",\"item\":\"https:\/\/agasallorixinal.com\/es\/tienda\/\"},{\"@type\":\"ListItem\",\"position\":3,\"name\":\"Arm\u00f3nica de madera con nombre\"}]},{\"@type\":\"WebSite\",\"@id\":\"https:\/\/agasallorixinal.com\/es\/#website\",\"url\":\"https:\/\/agasallorixinal.com\/es\/\",\"name\":\"Agasallo Orixinal\",\"description\":\"\",\"publisher\":{\"@id\":\"https:\/\/agasallorixinal.com\/es\/#organization\"},\"potentialAction\":[{\"@type\":\"SearchAction\",\"target\":{\"@type\":\"EntryPoint\",\"urlTemplate\":\"https:\/\/agasallorixinal.com\/es\/?s={search_term_string}\"},\"query-input\":{\"@type\":\"PropertyValueSpecification\",\"valueRequired\":true,\"valueName\":\"search_term_string\"}}],\"inLanguage\":\"es\"},{\"@type\":\"Organization\",\"@id\":\"https:\/\/agasallorixinal.com\/es\/#organization\",\"name\":\"Agasallo Orixinal\",\"url\":\"https:\/\/agasallorixinal.com\/es\/\",\"logo\":{\"@type\":\"ImageObject\",\"inLanguage\":\"es\",\"@id\":\"https:\/\/agasallorixinal.com\/es\/#\/schema\/logo\/image\/\",\"url\":\"https:\/\/agasallorixinal.com\/wp-content\/uploads\/2024\/06\/logo_agasallorixinal_green.jpg\",\"contentUrl\":\"https:\/\/agasallorixinal.com\/wp-content\/uploads\/2024\/06\/logo_agasallorixinal_green.jpg\",\"width\":500,\"height\":500,\"caption\":\"Agasallo Orixinal\"},\"image\":{\"@id\":\"https:\/\/agasallorixinal.com\/es\/#\/schema\/logo\/image\/\"}}]}<\/script>\n<!-- \/ Yoast SEO plugin. -->","yoast_head_json":{"title":"Arm\u00f3nica de madera con nombre - Agasallo Orixinal","robots":{"index":"index","follow":"follow","max-snippet":"max-snippet:-1","max-image-preview":"max-image-preview:large","max-video-preview":"max-video-preview:-1"},"canonical":"https:\/\/agasallorixinal.com\/es\/tenda\/harmonica-de-madera-con-nombre\/","og_locale":"es_ES","og_type":"article","og_title":"Arm\u00f3nica de madera con nombre - Agasallo Orixinal","og_description":"Arm\u00f3nica con tapas fabricadas en resistente madera natural de pino. Con funda de presentaci\u00f3n y medidas 13x2,10x2,7cm","og_url":"https:\/\/agasallorixinal.com\/es\/tenda\/harmonica-de-madera-con-nombre\/","og_site_name":"Agasallo Orixinal","article_modified_time":"2025-04-02T08:01:51+00:00","og_image":[{"width":765,"height":1020,"url":"https:\/\/agasallorixinal.com\/wp-content\/uploads\/2024\/09\/ARMONICA-DE-MADERA-CON-NOMBRE-jpg.webp","type":"image\/jpeg"}],"twitter_card":"summary_large_image","twitter_misc":{"Tiempo de lectura":"1 minuto"},"schema":{"@context":"https:\/\/schema.org","@graph":[{"@type":"WebPage","@id":"https:\/\/agasallorixinal.com\/es\/tenda\/harmonica-de-madera-con-nombre\/","url":"https:\/\/agasallorixinal.com\/es\/tenda\/harmonica-de-madera-con-nombre\/","name":"Arm\u00f3nica de madera con nombre - Agasallo Orixinal","isPartOf":{"@id":"https:\/\/agasallorixinal.com\/es\/#website"},"primaryImageOfPage":{"@id":"https:\/\/agasallorixinal.com\/es\/tenda\/harmonica-de-madera-con-nombre\/#primaryimage"},"image":{"@id":"https:\/\/agasallorixinal.com\/es\/tenda\/harmonica-de-madera-con-nombre\/#primaryimage"},"thumbnailUrl":"https:\/\/agasallorixinal.com\/wp-content\/uploads\/2024\/09\/ARMONICA-DE-MADERA-CON-NOMBRE-jpg.webp","datePublished":"2024-09-12T16:00:30+00:00","dateModified":"2025-04-02T08:01:51+00:00","breadcrumb":{"@id":"https:\/\/agasallorixinal.com\/es\/tenda\/harmonica-de-madera-con-nombre\/#breadcrumb"},"inLanguage":"es","potentialAction":[{"@type":"ReadAction","target":["https:\/\/agasallorixinal.com\/es\/tenda\/harmonica-de-madera-con-nombre\/"]}]},{"@type":"ImageObject","inLanguage":"es","@id":"https:\/\/agasallorixinal.com\/es\/tenda\/harmonica-de-madera-con-nombre\/#primaryimage","url":"https:\/\/agasallorixinal.com\/wp-content\/uploads\/2024\/09\/ARMONICA-DE-MADERA-CON-NOMBRE-jpg.webp","contentUrl":"https:\/\/agasallorixinal.com\/wp-content\/uploads\/2024\/09\/ARMONICA-DE-MADERA-CON-NOMBRE-jpg.webp","width":765,"height":1020},{"@type":"BreadcrumbList","@id":"https:\/\/agasallorixinal.com\/es\/tenda\/harmonica-de-madera-con-nombre\/#breadcrumb","itemListElement":[{"@type":"ListItem","position":1,"name":"Inicio","item":"https:\/\/agasallorixinal.com\/es\/"},{"@type":"ListItem","position":2,"name":"Tienda","item":"https:\/\/agasallorixinal.com\/es\/tienda\/"},{"@type":"ListItem","position":3,"name":"Arm\u00f3nica de madera con nombre"}]},{"@type":"WebSite","@id":"https:\/\/agasallorixinal.com\/es\/#website","url":"https:\/\/agasallorixinal.com\/es\/","name":"Agasallo Orixinal","description":"","publisher":{"@id":"https:\/\/agasallorixinal.com\/es\/#organization"},"potentialAction":[{"@type":"SearchAction","target":{"@type":"EntryPoint","urlTemplate":"https:\/\/agasallorixinal.com\/es\/?s={search_term_string}"},"query-input":{"@type":"PropertyValueSpecification","valueRequired":true,"valueName":"search_term_string"}}],"inLanguage":"es"},{"@type":"Organization","@id":"https:\/\/agasallorixinal.com\/es\/#organization","name":"Agasallo Orixinal","url":"https:\/\/agasallorixinal.com\/es\/","logo":{"@type":"ImageObject","inLanguage":"es","@id":"https:\/\/agasallorixinal.com\/es\/#\/schema\/logo\/image\/","url":"https:\/\/agasallorixinal.com\/wp-content\/uploads\/2024\/06\/logo_agasallorixinal_green.jpg","contentUrl":"https:\/\/agasallorixinal.com\/wp-content\/uploads\/2024\/06\/logo_agasallorixinal_green.jpg","width":500,"height":500,"caption":"Agasallo Orixinal"},"image":{"@id":"https:\/\/agasallorixinal.com\/es\/#\/schema\/logo\/image\/"}}]}},"_links":{"self":[{"href":"https:\/\/agasallorixinal.com\/es\/wp-json\/wp\/v2\/product\/18619","targetHints":{"allow":["GET"]}}],"collection":[{"href":"https:\/\/agasallorixinal.com\/es\/wp-json\/wp\/v2\/product"}],"about":[{"href":"https:\/\/agasallorixinal.com\/es\/wp-json\/wp\/v2\/types\/product"}],"wp:featuredmedia":[{"embeddable":true,"href":"https:\/\/agasallorixinal.com\/es\/wp-json\/wp\/v2\/media\/18069"}],"wp:attachment":[{"href":"https:\/\/agasallorixinal.com\/es\/wp-json\/wp\/v2\/media?parent=18619"}],"wp:term":[{"taxonomy":"product_brand","embeddable":true,"href":"https:\/\/agasallorixinal.com\/es\/wp-json\/wp\/v2\/product_brand?post=18619"},{"taxonomy":"product_cat","embeddable":true,"href":"https:\/\/agasallorixinal.com\/es\/wp-json\/wp\/v2\/product_cat?post=18619"},{"taxonomy":"product_tag","embeddable":true,"href":"https:\/\/agasallorixinal.com\/es\/wp-json\/wp\/v2\/product_tag?post=18619"}],"curies":[{"name":"wp","href":"https:\/\/api.w.org\/{rel}","templated":true}]}}