{"id":18923,"date":"2025-06-17T19:07:59","date_gmt":"2025-06-17T17:07:59","guid":{"rendered":"https:\/\/agasallorixinal.com\/tenda\/libreta-e-boli-el-cuaderno-del-maestro\/"},"modified":"2025-08-20T11:05:16","modified_gmt":"2025-08-20T09:05:16","slug":"libreta-e-boli-el-cuaderno-del-maestro","status":"publish","type":"product","link":"https:\/\/agasallorixinal.com\/es\/tenda\/libreta-e-boli-el-cuaderno-del-maestro\/","title":{"rendered":"Libreta y boli \u00abEl cuaderno del maestro\u00bb"},"content":{"rendered":"","protected":false},"excerpt":{"rendered":"<p>Set de libreta e bol\u00edgrafo con tapas r\u00edgidas en bamb\u00fa. Bol\u00edgrafo de pulsador, con cuerpo en bamb\u00fa y accesorios met\u00e1licos. Presentado en estuche de cart\u00f3n.  <\/p>\n","protected":false},"featured_media":18909,"template":"","meta":[],"product_brand":[],"product_cat":[174,172],"product_tag":[],"class_list":{"0":"post-18923","1":"product","2":"type-product","3":"status-publish","4":"has-post-thumbnail","6":"product_cat-madera","7":"product_cat-regalos","9":"first","10":"instock","11":"taxable","12":"shipping-taxable","13":"purchasable","14":"product-type-simple","15":"add-to-wishlist-after_add_to_cart"},"yoast_head":"<!-- This site is optimized with the Yoast SEO plugin v25.6 - https:\/\/yoast.com\/wordpress\/plugins\/seo\/ -->\n<title>Libreta y boli &quot;El cuaderno del maestro&quot; - Agasallo Orixinal<\/title>\n<meta name=\"robots\" content=\"index, follow, max-snippet:-1, max-image-preview:large, max-video-preview:-1\" \/>\n<link rel=\"canonical\" href=\"https:\/\/agasallorixinal.com\/es\/tenda\/libreta-e-boli-el-cuaderno-del-maestro\/\" \/>\n<meta property=\"og:locale\" content=\"es_ES\" \/>\n<meta property=\"og:type\" content=\"article\" \/>\n<meta property=\"og:title\" content=\"Libreta y boli &quot;El cuaderno del maestro&quot; - Agasallo Orixinal\" \/>\n<meta property=\"og:description\" content=\"Set de libreta e bol\u00edgrafo con tapas r\u00edgidas en bamb\u00fa. Bol\u00edgrafo de pulsador, con cuerpo en bamb\u00fa y accesorios met\u00e1licos. Presentado en estuche de cart\u00f3n.\" \/>\n<meta property=\"og:url\" content=\"https:\/\/agasallorixinal.com\/es\/tenda\/libreta-e-boli-el-cuaderno-del-maestro\/\" \/>\n<meta property=\"og:site_name\" content=\"Agasallo Orixinal\" \/>\n<meta property=\"article:modified_time\" content=\"2025-08-20T09:05:16+00:00\" \/>\n<meta property=\"og:image\" content=\"https:\/\/agasallorixinal.com\/wp-content\/uploads\/2025\/06\/LIBRETA-MESTRE-XACOBE.jpg\" \/>\n\t<meta property=\"og:image:width\" content=\"942\" \/>\n\t<meta property=\"og:image:height\" content=\"2040\" \/>\n\t<meta property=\"og:image:type\" content=\"image\/jpeg\" \/>\n<meta name=\"twitter:card\" content=\"summary_large_image\" \/>\n<meta name=\"twitter:label1\" content=\"Tiempo de lectura\" \/>\n\t<meta name=\"twitter:data1\" content=\"1 minuto\" \/>\n<script type=\"application\/ld+json\" class=\"yoast-schema-graph\">{\"@context\":\"https:\/\/schema.org\",\"@graph\":[{\"@type\":\"WebPage\",\"@id\":\"https:\/\/agasallorixinal.com\/es\/tenda\/libreta-e-boli-el-cuaderno-del-maestro\/\",\"url\":\"https:\/\/agasallorixinal.com\/es\/tenda\/libreta-e-boli-el-cuaderno-del-maestro\/\",\"name\":\"Libreta y boli \\\"El cuaderno del maestro\\\" - Agasallo Orixinal\",\"isPartOf\":{\"@id\":\"https:\/\/agasallorixinal.com\/es\/#website\"},\"primaryImageOfPage\":{\"@id\":\"https:\/\/agasallorixinal.com\/es\/tenda\/libreta-e-boli-el-cuaderno-del-maestro\/#primaryimage\"},\"image\":{\"@id\":\"https:\/\/agasallorixinal.com\/es\/tenda\/libreta-e-boli-el-cuaderno-del-maestro\/#primaryimage\"},\"thumbnailUrl\":\"https:\/\/agasallorixinal.com\/wp-content\/uploads\/2025\/06\/LIBRETA-MESTRE-XACOBE.jpg\",\"datePublished\":\"2025-06-17T17:07:59+00:00\",\"dateModified\":\"2025-08-20T09:05:16+00:00\",\"breadcrumb\":{\"@id\":\"https:\/\/agasallorixinal.com\/es\/tenda\/libreta-e-boli-el-cuaderno-del-maestro\/#breadcrumb\"},\"inLanguage\":\"es\",\"potentialAction\":[{\"@type\":\"ReadAction\",\"target\":[\"https:\/\/agasallorixinal.com\/es\/tenda\/libreta-e-boli-el-cuaderno-del-maestro\/\"]}]},{\"@type\":\"ImageObject\",\"inLanguage\":\"es\",\"@id\":\"https:\/\/agasallorixinal.com\/es\/tenda\/libreta-e-boli-el-cuaderno-del-maestro\/#primaryimage\",\"url\":\"https:\/\/agasallorixinal.com\/wp-content\/uploads\/2025\/06\/LIBRETA-MESTRE-XACOBE.jpg\",\"contentUrl\":\"https:\/\/agasallorixinal.com\/wp-content\/uploads\/2025\/06\/LIBRETA-MESTRE-XACOBE.jpg\",\"width\":942,\"height\":2040},{\"@type\":\"BreadcrumbList\",\"@id\":\"https:\/\/agasallorixinal.com\/es\/tenda\/libreta-e-boli-el-cuaderno-del-maestro\/#breadcrumb\",\"itemListElement\":[{\"@type\":\"ListItem\",\"position\":1,\"name\":\"Inicio\",\"item\":\"https:\/\/agasallorixinal.com\/es\/\"},{\"@type\":\"ListItem\",\"position\":2,\"name\":\"Tienda\",\"item\":\"https:\/\/agasallorixinal.com\/es\/tienda\/\"},{\"@type\":\"ListItem\",\"position\":3,\"name\":\"Libreta y boli &#8220;El cuaderno del maestro&#8221;\"}]},{\"@type\":\"WebSite\",\"@id\":\"https:\/\/agasallorixinal.com\/es\/#website\",\"url\":\"https:\/\/agasallorixinal.com\/es\/\",\"name\":\"Agasallo Orixinal\",\"description\":\"\",\"publisher\":{\"@id\":\"https:\/\/agasallorixinal.com\/es\/#organization\"},\"potentialAction\":[{\"@type\":\"SearchAction\",\"target\":{\"@type\":\"EntryPoint\",\"urlTemplate\":\"https:\/\/agasallorixinal.com\/es\/?s={search_term_string}\"},\"query-input\":{\"@type\":\"PropertyValueSpecification\",\"valueRequired\":true,\"valueName\":\"search_term_string\"}}],\"inLanguage\":\"es\"},{\"@type\":\"Organization\",\"@id\":\"https:\/\/agasallorixinal.com\/es\/#organization\",\"name\":\"Agasallo Orixinal\",\"url\":\"https:\/\/agasallorixinal.com\/es\/\",\"logo\":{\"@type\":\"ImageObject\",\"inLanguage\":\"es\",\"@id\":\"https:\/\/agasallorixinal.com\/es\/#\/schema\/logo\/image\/\",\"url\":\"https:\/\/agasallorixinal.com\/wp-content\/uploads\/2024\/06\/logo_agasallorixinal_green.jpg\",\"contentUrl\":\"https:\/\/agasallorixinal.com\/wp-content\/uploads\/2024\/06\/logo_agasallorixinal_green.jpg\",\"width\":500,\"height\":500,\"caption\":\"Agasallo Orixinal\"},\"image\":{\"@id\":\"https:\/\/agasallorixinal.com\/es\/#\/schema\/logo\/image\/\"}}]}<\/script>\n<!-- \/ Yoast SEO plugin. -->","yoast_head_json":{"title":"Libreta y boli \"El cuaderno del maestro\" - Agasallo Orixinal","robots":{"index":"index","follow":"follow","max-snippet":"max-snippet:-1","max-image-preview":"max-image-preview:large","max-video-preview":"max-video-preview:-1"},"canonical":"https:\/\/agasallorixinal.com\/es\/tenda\/libreta-e-boli-el-cuaderno-del-maestro\/","og_locale":"es_ES","og_type":"article","og_title":"Libreta y boli \"El cuaderno del maestro\" - Agasallo Orixinal","og_description":"Set de libreta e bol\u00edgrafo con tapas r\u00edgidas en bamb\u00fa. Bol\u00edgrafo de pulsador, con cuerpo en bamb\u00fa y accesorios met\u00e1licos. Presentado en estuche de cart\u00f3n.","og_url":"https:\/\/agasallorixinal.com\/es\/tenda\/libreta-e-boli-el-cuaderno-del-maestro\/","og_site_name":"Agasallo Orixinal","article_modified_time":"2025-08-20T09:05:16+00:00","og_image":[{"width":942,"height":2040,"url":"https:\/\/agasallorixinal.com\/wp-content\/uploads\/2025\/06\/LIBRETA-MESTRE-XACOBE.jpg","type":"image\/jpeg"}],"twitter_card":"summary_large_image","twitter_misc":{"Tiempo de lectura":"1 minuto"},"schema":{"@context":"https:\/\/schema.org","@graph":[{"@type":"WebPage","@id":"https:\/\/agasallorixinal.com\/es\/tenda\/libreta-e-boli-el-cuaderno-del-maestro\/","url":"https:\/\/agasallorixinal.com\/es\/tenda\/libreta-e-boli-el-cuaderno-del-maestro\/","name":"Libreta y boli \"El cuaderno del maestro\" - Agasallo Orixinal","isPartOf":{"@id":"https:\/\/agasallorixinal.com\/es\/#website"},"primaryImageOfPage":{"@id":"https:\/\/agasallorixinal.com\/es\/tenda\/libreta-e-boli-el-cuaderno-del-maestro\/#primaryimage"},"image":{"@id":"https:\/\/agasallorixinal.com\/es\/tenda\/libreta-e-boli-el-cuaderno-del-maestro\/#primaryimage"},"thumbnailUrl":"https:\/\/agasallorixinal.com\/wp-content\/uploads\/2025\/06\/LIBRETA-MESTRE-XACOBE.jpg","datePublished":"2025-06-17T17:07:59+00:00","dateModified":"2025-08-20T09:05:16+00:00","breadcrumb":{"@id":"https:\/\/agasallorixinal.com\/es\/tenda\/libreta-e-boli-el-cuaderno-del-maestro\/#breadcrumb"},"inLanguage":"es","potentialAction":[{"@type":"ReadAction","target":["https:\/\/agasallorixinal.com\/es\/tenda\/libreta-e-boli-el-cuaderno-del-maestro\/"]}]},{"@type":"ImageObject","inLanguage":"es","@id":"https:\/\/agasallorixinal.com\/es\/tenda\/libreta-e-boli-el-cuaderno-del-maestro\/#primaryimage","url":"https:\/\/agasallorixinal.com\/wp-content\/uploads\/2025\/06\/LIBRETA-MESTRE-XACOBE.jpg","contentUrl":"https:\/\/agasallorixinal.com\/wp-content\/uploads\/2025\/06\/LIBRETA-MESTRE-XACOBE.jpg","width":942,"height":2040},{"@type":"BreadcrumbList","@id":"https:\/\/agasallorixinal.com\/es\/tenda\/libreta-e-boli-el-cuaderno-del-maestro\/#breadcrumb","itemListElement":[{"@type":"ListItem","position":1,"name":"Inicio","item":"https:\/\/agasallorixinal.com\/es\/"},{"@type":"ListItem","position":2,"name":"Tienda","item":"https:\/\/agasallorixinal.com\/es\/tienda\/"},{"@type":"ListItem","position":3,"name":"Libreta y boli &#8220;El cuaderno del maestro&#8221;"}]},{"@type":"WebSite","@id":"https:\/\/agasallorixinal.com\/es\/#website","url":"https:\/\/agasallorixinal.com\/es\/","name":"Agasallo Orixinal","description":"","publisher":{"@id":"https:\/\/agasallorixinal.com\/es\/#organization"},"potentialAction":[{"@type":"SearchAction","target":{"@type":"EntryPoint","urlTemplate":"https:\/\/agasallorixinal.com\/es\/?s={search_term_string}"},"query-input":{"@type":"PropertyValueSpecification","valueRequired":true,"valueName":"search_term_string"}}],"inLanguage":"es"},{"@type":"Organization","@id":"https:\/\/agasallorixinal.com\/es\/#organization","name":"Agasallo Orixinal","url":"https:\/\/agasallorixinal.com\/es\/","logo":{"@type":"ImageObject","inLanguage":"es","@id":"https:\/\/agasallorixinal.com\/es\/#\/schema\/logo\/image\/","url":"https:\/\/agasallorixinal.com\/wp-content\/uploads\/2024\/06\/logo_agasallorixinal_green.jpg","contentUrl":"https:\/\/agasallorixinal.com\/wp-content\/uploads\/2024\/06\/logo_agasallorixinal_green.jpg","width":500,"height":500,"caption":"Agasallo Orixinal"},"image":{"@id":"https:\/\/agasallorixinal.com\/es\/#\/schema\/logo\/image\/"}}]}},"_links":{"self":[{"href":"https:\/\/agasallorixinal.com\/es\/wp-json\/wp\/v2\/product\/18923","targetHints":{"allow":["GET"]}}],"collection":[{"href":"https:\/\/agasallorixinal.com\/es\/wp-json\/wp\/v2\/product"}],"about":[{"href":"https:\/\/agasallorixinal.com\/es\/wp-json\/wp\/v2\/types\/product"}],"wp:featuredmedia":[{"embeddable":true,"href":"https:\/\/agasallorixinal.com\/es\/wp-json\/wp\/v2\/media\/18909"}],"wp:attachment":[{"href":"https:\/\/agasallorixinal.com\/es\/wp-json\/wp\/v2\/media?parent=18923"}],"wp:term":[{"taxonomy":"product_brand","embeddable":true,"href":"https:\/\/agasallorixinal.com\/es\/wp-json\/wp\/v2\/product_brand?post=18923"},{"taxonomy":"product_cat","embeddable":true,"href":"https:\/\/agasallorixinal.com\/es\/wp-json\/wp\/v2\/product_cat?post=18923"},{"taxonomy":"product_tag","embeddable":true,"href":"https:\/\/agasallorixinal.com\/es\/wp-json\/wp\/v2\/product_tag?post=18923"}],"curies":[{"name":"wp","href":"https:\/\/api.w.org\/{rel}","templated":true}]}}